{"id":36069,"date":"2025-07-30T03:23:58","date_gmt":"2025-07-30T03:23:58","guid":{"rendered":"https:\/\/itbid.com\/declaracio-daccessibilitat\/"},"modified":"2026-03-10T12:32:06","modified_gmt":"2026-03-10T12:32:06","slug":"declaracio-daccessibilitat","status":"publish","type":"page","link":"https:\/\/itbid.com\/ca\/declaracio-daccessibilitat\/","title":{"rendered":"Declaraci\u00f3 d&#8217;accessibilitat"},"content":{"rendered":"\t\t<div data-elementor-type=\"wp-page\" data-elementor-id=\"36069\" class=\"elementor elementor-36069 elementor-1201\" data-elementor-post-type=\"page\">\n\t\t\t\t<div class=\"elementor-element elementor-element-1783784 e-flex e-con-boxed e-con e-parent\" data-id=\"1783784\" data-element_type=\"container\" data-e-type=\"container\">\n\t\t\t\t\t<div class=\"e-con-inner\">\n\t\t<div class=\"elementor-element elementor-element-e690e59 e-con-full e-flex e-con e-child\" data-id=\"e690e59\" data-element_type=\"container\" data-e-type=\"container\">\n\t\t\t\t<div class=\"elementor-element elementor-element-4a18196 elementor-widget elementor-widget-heading\" data-id=\"4a18196\" data-element_type=\"widget\" data-e-type=\"widget\" data-widget_type=\"heading.default\">\n\t\t\t\t\t<h2 class=\"elementor-heading-title elementor-size-default\">Declaraci\u00f3 d'accessibilitat  <\/h2>\t\t\t\t<\/div>\n\t\t\t\t<div class=\"elementor-element elementor-element-1997bdd elementor-widget elementor-widget-text-editor\" data-id=\"1997bdd\" data-element_type=\"widget\" data-e-type=\"widget\" data-widget_type=\"text-editor.default\">\n\t\t\t\t\t\t\t\t\t<p>Itbid Technologies 2002 SL s&#8217;ha comprom\u00e8s a fer accessible el seu lloc web, de conformitat amb la legislaci\u00f3 nacional per la qual es trasposa la Directiva (UE) 2016\/2102 del Parlament Europeu i del Consell, el Reial Decret 1112\/201.<\/p><p>Aquesta declaraci\u00f3 d&#8217;accessibilitat s&#8217;aplica a aquest lloc web, https:\/\/itbid.com.<\/p>\t\t\t\t\t\t\t\t<\/div>\n\t\t\t\t<div class=\"elementor-element elementor-element-1211abd elementor-widget elementor-widget-heading\" data-id=\"1211abd\" data-element_type=\"widget\" data-e-type=\"widget\" data-widget_type=\"heading.default\">\n\t\t\t\t\t<h2 class=\"elementor-heading-title elementor-size-default\">Situaci\u00f3 de compliment<\/h2>\t\t\t\t<\/div>\n\t\t\t\t<div class=\"elementor-element elementor-element-391ad93 elementor-widget elementor-widget-text-editor\" data-id=\"391ad93\" data-element_type=\"widget\" data-e-type=\"widget\" data-widget_type=\"text-editor.default\">\n\t\t\t\t\t\t\t\t\t<p>Aquest lloc web \u00e9s plenament conforme amb el Reial decret 1112\/201, aconseguint el nivell AA previst per la normativa.<\/p>\t\t\t\t\t\t\t\t<\/div>\n\t\t\t\t<div class=\"elementor-element elementor-element-89b30b4 elementor-widget elementor-widget-heading\" data-id=\"89b30b4\" data-element_type=\"widget\" data-e-type=\"widget\" data-widget_type=\"heading.default\">\n\t\t\t\t\t<h2 class=\"elementor-heading-title elementor-size-default\">Contingut no accessible<\/h2>\t\t\t\t<\/div>\n\t\t\t\t<div class=\"elementor-element elementor-element-bd03161 elementor-widget elementor-widget-text-editor\" data-id=\"bd03161\" data-element_type=\"widget\" data-e-type=\"widget\" data-widget_type=\"text-editor.default\">\n\t\t\t\t\t\t\t\t\t<p>El lloc web compleix tots els requisits de la norma UNE-EN 301549:2019 de WCAG 2.1. , sense cap excepci\u00f3.<\/p>\t\t\t\t\t\t\t\t<\/div>\n\t\t\t\t<div class=\"elementor-element elementor-element-6d59068 elementor-widget elementor-widget-heading\" data-id=\"6d59068\" data-element_type=\"widget\" data-e-type=\"widget\" data-widget_type=\"heading.default\">\n\t\t\t\t\t<h2 class=\"elementor-heading-title elementor-size-default\">Preparaci\u00f3 d'aquesta declaraci\u00f3 d'accessibilitat<\/h2>\t\t\t\t<\/div>\n\t\t\t\t<div class=\"elementor-element elementor-element-cf2603f elementor-widget elementor-widget-text-editor\" data-id=\"cf2603f\" data-element_type=\"widget\" data-e-type=\"widget\" data-widget_type=\"text-editor.default\">\n\t\t\t\t\t\t\t\t\t<p>Aquesta declaraci\u00f3 va ser preparada el 01 de desembre de 2024.<\/p><p>El m\u00e8tode emprat per preparar la declaraci\u00f3 ha estat una autoavaluaci\u00f3 duta a terme pel mateix organisme.<\/p><p>\u00daltima revisi\u00f3 de la declaraci\u00f3: 10 de desembre de 2024.<\/p>\t\t\t\t\t\t\t\t<\/div>\n\t\t\t\t<div class=\"elementor-element elementor-element-235425d elementor-widget elementor-widget-heading\" data-id=\"235425d\" data-element_type=\"widget\" data-e-type=\"widget\" data-widget_type=\"heading.default\">\n\t\t\t\t\t<h2 class=\"elementor-heading-title elementor-size-default\">Observacions i dades de contacte<\/h2>\t\t\t\t<\/div>\n\t\t\t\t<div class=\"elementor-element elementor-element-80ba765 elementor-widget elementor-widget-text-editor\" data-id=\"80ba765\" data-element_type=\"widget\" data-e-type=\"widget\" data-widget_type=\"text-editor.default\">\n\t\t\t\t\t\t\t\t\t<p>Podeu realitzar comunicacions sobre requisits d&#8217;accessibilitat (article 10.2.a) del Reial decret 1112\/2018, de 7 de setembre) com, per exemple:<\/p><ul><li>Informar sobre qualsevol possible incompliment per part daquest lloc web.<\/li><li>Transmetre altres dificultats dacc\u00e9s al contingut.<\/li><li>Formular qualsevol altra consulta o suggeriment de millora relativa a laccessibilitat del lloc web.<\/li><\/ul><p><br>A trav\u00e9s de les vies seg\u00fcents:<\/p><ul><li>Correu electr\u00f2nic: <a href=\"mailto:marketingcorporativo@itbid.com\">marketingcorporativo@itbid.com<\/a><\/li><li>Tel\u00e8fon: (+34) 933 218 614<\/li><\/ul><p><br>Les comunicacions seran rebudes i tractades per la Subdirecci\u00f3 General de Serveis Web, Transpar\u00e8ncia i Protecci\u00f3 de Dades (Secretaria General T\u00e8cnica), com a unitat responsable dels continguts d&#8217;aquest lloc web.<\/p><p>Tamb\u00e9 podeu sol\u00b7licitar en format accessible informaci\u00f3 que no compleixi els requisits d&#8217;accessibilitat, b\u00e9 per estar exclosa, b\u00e9 per estar exempta per c\u00e0rrega desproporcionada; o formular una queixa per incompliment dels requisits daccessibilitat.<\/p>\t\t\t\t\t\t\t\t<\/div>\n\t\t\t\t<\/div>\n\t\t\t\t\t<\/div>\n\t\t\t\t<\/div>\n\t\t\t\t<\/div>\n\t\t","protected":false},"excerpt":{"rendered":"<p>Declaraci\u00f3 d&#8217;accessibilitat Itbid Technologies 2002 SL s&#8217;ha comprom\u00e8s a fer accessible el seu lloc web, de conformitat amb la legislaci\u00f3 nacional per la qual es trasposa la Directiva (UE) 2016\/2102 del Parlament Europeu i del Consell, el Reial Decret 1112\/201. Aquesta declaraci\u00f3 d&#8217;accessibilitat s&#8217;aplica a aquest lloc web, https:\/\/itbid.com. Situaci\u00f3 de compliment Aquest lloc web [&hellip;]<\/p>\n","protected":false},"author":2,"featured_media":0,"parent":0,"menu_order":0,"comment_status":"closed","ping_status":"closed","template":"","meta":{"_acf_changed":false,"content-type":"","footnotes":""},"class_list":["post-36069","page","type-page","status-publish","hentry"],"acf":[],"_links":{"self":[{"href":"https:\/\/itbid.com\/ca\/wp-json\/wp\/v2\/pages\/36069","targetHints":{"allow":["GET"]}}],"collection":[{"href":"https:\/\/itbid.com\/ca\/wp-json\/wp\/v2\/pages"}],"about":[{"href":"https:\/\/itbid.com\/ca\/wp-json\/wp\/v2\/types\/page"}],"author":[{"embeddable":true,"href":"https:\/\/itbid.com\/ca\/wp-json\/wp\/v2\/users\/2"}],"replies":[{"embeddable":true,"href":"https:\/\/itbid.com\/ca\/wp-json\/wp\/v2\/comments?post=36069"}],"version-history":[{"count":1,"href":"https:\/\/itbid.com\/ca\/wp-json\/wp\/v2\/pages\/36069\/revisions"}],"predecessor-version":[{"id":36071,"href":"https:\/\/itbid.com\/ca\/wp-json\/wp\/v2\/pages\/36069\/revisions\/36071"}],"wp:attachment":[{"href":"https:\/\/itbid.com\/ca\/wp-json\/wp\/v2\/media?parent=36069"}],"curies":[{"name":"wp","href":"https:\/\/api.w.org\/{rel}","templated":true}]}}