{"id":36064,"date":"2025-07-30T03:45:35","date_gmt":"2025-07-30T03:45:35","guid":{"rendered":"https:\/\/itbid.com\/politica-de-seguretat-dinformacio-i-continuitat-de-negoci\/"},"modified":"2026-03-10T12:28:17","modified_gmt":"2026-03-10T12:28:17","slug":"politica-de-seguretat-dinformacio-i-continuitat-de-negoci","status":"publish","type":"page","link":"https:\/\/itbid.com\/ca\/politica-de-seguretat-dinformacio-i-continuitat-de-negoci\/","title":{"rendered":"Pol\u00edtica de seguretat d&#8217;informaci\u00f3 i continu\u00eftat de negoci"},"content":{"rendered":"\t\t<div data-elementor-type=\"wp-page\" data-elementor-id=\"36064\" class=\"elementor elementor-36064 elementor-1211\" data-elementor-post-type=\"page\">\n\t\t\t\t<div class=\"elementor-element elementor-element-8e37c06 e-flex e-con-boxed e-con e-parent\" data-id=\"8e37c06\" data-element_type=\"container\" data-e-type=\"container\" data-settings=\"{&quot;background_background&quot;:&quot;classic&quot;}\">\n\t\t\t\t\t<div class=\"e-con-inner\">\n\t\t<div class=\"elementor-element elementor-element-3ece7a0 e-con-full e-flex e-con e-child\" data-id=\"3ece7a0\" data-element_type=\"container\" data-e-type=\"container\">\n\t\t<div class=\"elementor-element elementor-element-6b2babb e-con-full elementor-hidden-tablet elementor-hidden-mobile e-flex e-con e-child\" data-id=\"6b2babb\" data-element_type=\"container\" data-e-type=\"container\">\n\t\t\t\t<div class=\"elementor-element elementor-element-8b2393b elementor-widget elementor-widget-image\" data-id=\"8b2393b\" data-element_type=\"widget\" data-e-type=\"widget\" data-widget_type=\"image.default\">\n\t\t\t\t\t\t\t\t\t\t\t\t\t\t\t<img fetchpriority=\"high\" decoding=\"async\" width=\"400\" height=\"404\" src=\"https:\/\/itbid.com\/wp-content\/uploads\/2025\/07\/Isologo-400x404-1.png\" class=\"attachment-large size-large wp-image-35753\" alt=\"\" srcset=\"https:\/\/itbid.com\/wp-content\/uploads\/2025\/07\/Isologo-400x404-1.png 400w, https:\/\/itbid.com\/wp-content\/uploads\/2025\/07\/Isologo-400x404-1-297x300.png 297w\" sizes=\"(max-width: 400px) 100vw, 400px\" \/>\t\t\t\t\t\t\t\t\t\t\t\t\t\t\t<\/div>\n\t\t\t\t<\/div>\n\t\t<div class=\"elementor-element elementor-element-f091902 e-con-full e-flex e-con e-child\" data-id=\"f091902\" data-element_type=\"container\" data-e-type=\"container\">\n\t\t\t\t<div class=\"elementor-element elementor-element-047f22f elementor-widget elementor-widget-heading\" data-id=\"047f22f\" data-element_type=\"widget\" data-e-type=\"widget\" data-widget_type=\"heading.default\">\n\t\t\t\t\t<h2 class=\"elementor-heading-title elementor-size-default\">Pol\u00edtica de seguretat d'informaci\u00f3 i continu\u00eftat de negoci<\/h2>\t\t\t\t<\/div>\n\t\t\t\t<\/div>\n\t\t\t\t<\/div>\n\t\t\t\t\t<\/div>\n\t\t\t\t<\/div>\n\t\t<div class=\"elementor-element elementor-element-6cefc43 e-flex e-con-boxed e-con e-parent\" data-id=\"6cefc43\" data-element_type=\"container\" data-e-type=\"container\">\n\t\t\t\t\t<div class=\"e-con-inner\">\n\t\t<div class=\"elementor-element elementor-element-8ce3ca8 e-con-full e-flex e-con e-child\" data-id=\"8ce3ca8\" data-element_type=\"container\" data-e-type=\"container\">\n\t\t\t\t<div class=\"elementor-element elementor-element-1bf67a9 elementor-widget elementor-widget-text-editor\" data-id=\"1bf67a9\" data-element_type=\"widget\" data-e-type=\"widget\" data-widget_type=\"text-editor.default\">\n\t\t\t\t\t\t\t\t\t<p>Itbid \u00e9s conscient que la seguretat de la informaci\u00f3 relativa als nostres clients \u00e9s un recurs cr\u00edtic, ha establert un sistema de gesti\u00f3 de la seguretat de la informaci\u00f3 d&#8217;acord amb els requisits de la norma ISO\/IEC 27001:2022 per garantir la continu\u00eftat dels sistemes d&#8217;informaci\u00f3, minimitzar els riscos de dany i assegurar el compliment dels objectius fixats.<\/p><p>L&#8217;objectiu de la Pol\u00edtica de Seguretat \u00e9s fixar el marc d&#8217;actuaci\u00f3 necessari per protegir els recursos d&#8217;informaci\u00f3 davant d&#8217;amenaces, internes o externes, deliberades o accidentals, per assegurar el compliment de la confidencialitat, la integritat i la disponibilitat de la informaci\u00f3.<\/p><p>L&#8217;efic\u00e0cia i l&#8217;aplicaci\u00f3 del Sistema de Gesti\u00f3 de la Seguretat de la Informaci\u00f3 \u00e9s responsabilitat directa del Comit\u00e8 de la Seguretat de la Informaci\u00f3, el qual \u00e9s responsable de l&#8217;aprovaci\u00f3, la difusi\u00f3 i el compliment d&#8217;aquesta Pol\u00edtica de Seguretat. En nom i representaci\u00f3 s&#8217;ha nomenat un Responsable del Sistema de Gesti\u00f3 de la Seguretat de la Informaci\u00f3, que t\u00e9 la suficient autoritat per exercir un paper actiu en el Sistema de Gesti\u00f3 de la Seguretat de la Informaci\u00f3, supervisant-ne la implantaci\u00f3, el desenvolupament i el manteniment.<\/p><p>El Comit\u00e8 de Seguretat de la Informaci\u00f3 ha de desenvolupar i aprovar la metodologia d&#8217;an\u00e0lisi de riscos utilitzada al Sistema de Gesti\u00f3 de la Seguretat de la Informaci\u00f3.<\/p><p>Tota persona l&#8217;activitat de la qual, directament o indirectament, es vegi afectada pels requisits del Sistema de Gesti\u00f3 de la Seguretat de la Informaci\u00f3, est\u00e0 obligada al compliment estricte de la Pol\u00edtica de Seguretat.<\/p><p>A itbid s&#8217;implantaran totes les mesures necess\u00e0ries per complir la normativa aplicable en mat\u00e8ria de seguretat en general i de seguretat inform\u00e0tica, relativa a la pol\u00edtica inform\u00e0tica, a la seguretat d&#8217;edificis i instal\u00b7lacions i al comportament d&#8217;empleats i terceres persones associades a itbid en l&#8217;\u00fas de sistemes inform\u00e0tics. Les mesures necess\u00e0ries per garantir la seguretat de la informaci\u00f3 mitjan\u00e7ant l&#8217;aplicaci\u00f3 de normes, procediments i controls han de permetre assegurar la confidencialitat, integritat, disponibilitat de la informaci\u00f3, essencials per a:<\/p><ul><li aria-level=\"1\">Complir la legislaci\u00f3 vigent en mat\u00e8ria dels sistemes dinformaci\u00f3.<\/li><li aria-level=\"1\">Assegurar la confidencialitat de les dades gestionades per itbid.<\/li><li aria-level=\"1\">Assegurar la disponibilitat dels sistemes d&#8217;informaci\u00f3, tant als serveis oferts als clients com a la gesti\u00f3 interna.<\/li><li aria-level=\"1\">Assegurar la capacitat de resposta davant de situacions d&#8217;emerg\u00e8ncia i restablir el funcionament dels serveis cr\u00edtics en el menor temps possible.<\/li><li aria-level=\"1\">Evitar alteracions indegudes a la informaci\u00f3.<\/li><li aria-level=\"1\">Promoure la conscienciaci\u00f3 i la formaci\u00f3 en seguretat de la informaci\u00f3.<\/li><li aria-level=\"1\">Establir objectius i metes enfocats cap a l&#8217;avaluaci\u00f3 de l&#8217;exercici en mat\u00e8ria de seguretat de la informaci\u00f3, aix\u00ed com a la millora cont\u00ednua en les nostres activitats, regulades al Sistema de Gesti\u00f3 que desenvolupa aquesta pol\u00edtica.<\/li><\/ul>\t\t\t\t\t\t\t\t<\/div>\n\t\t\t\t<div class=\"elementor-element elementor-element-01f3378 elementor-widget elementor-widget-heading\" data-id=\"01f3378\" data-element_type=\"widget\" data-e-type=\"widget\" data-widget_type=\"heading.default\">\n\t\t\t\t\t<h2 class=\"elementor-heading-title elementor-size-default\">POL\u00cdTICA DE CONTINU\u00cfTAT DE NEGOCI<\/h2>\t\t\t\t<\/div>\n\t\t\t\t<div class=\"elementor-element elementor-element-2e61166 elementor-widget elementor-widget-text-editor\" data-id=\"2e61166\" data-element_type=\"widget\" data-e-type=\"widget\" data-widget_type=\"text-editor.default\">\n\t\t\t\t\t\t\t\t\t<p>ITBID TECHNOLOGIES 2002, SL t\u00e9 com a pol\u00edtica mantenir un Sistema de Gesti\u00f3 de Continu\u00eftat de Negoci (d&#8217;ara endavant SGCN) que:<\/p><ul><li aria-level=\"1\">Identifiqueu amenaces potencials per a ITBID TECHNOLOGIES 2002, SL, aix\u00ed com l&#8217;impacte en les operacions de negoci, en cas de materialitzar-se, puguin causar.<\/li><li aria-level=\"1\">Proporcioneu un marc per augmentar la capacitat de resist\u00e8ncia o resili\u00e8ncia de ITBID TECHNOLOGIES 2002, SL per donar una resposta efica\u00e7.<\/li><li aria-level=\"1\">Assegureu la recuperaci\u00f3 r\u00e0pida i eficient de les operacions essencials davant de qualsevol desastre f\u00edsic i l\u00f2gic que pugui passar o un altre incident que posi en risc la continu\u00eftat de les operacions del servei prestat als clients.<\/li><li aria-level=\"1\">Preserveu els interessos de les seves principals parts interessades (clients, empleats i prove\u00efdors), la reputaci\u00f3, la marca i les activitats de creaci\u00f3 de valor.<\/li><\/ul><p>Per garantir que el SGCN s&#8217;alinea amb les necessitats canviants d&#8217;ITBID TECHNOLOGIES 2002, SL, els plans de continu\u00eftat es provaran amb regularitat, seran revisats de manera cont\u00ednua i auditats regularment.<\/p><p>S&#8217;ha realitzat una an\u00e0lisi de riscos avaluant-se els impactes i objectius de negoci per a la prevenci\u00f3 i la definici\u00f3 dels nivells de recuperaci\u00f3 dels mateixos, prioritzant-se la Continu\u00eftat del Negoci en les activitats cr\u00edtiques:<\/p><p>&#8220;Sistemes de Seguretat de la Informaci\u00f3 que donen suport al desenvolupament i comercialitzaci\u00f3 de m\u00f2duls per a la gesti\u00f3 de compres en tecnologia cloud i basada en la modalitat SaaS&#8221;<\/p><p>El SGCN ha estat elaborat seguint les instruccions i sota la supervisi\u00f3 de la Direcci\u00f3 d&#8217;ITBID TECHNOLOGIES 2002, SL. S&#8217;ha dissenyat per garantir els serveis prestats als clients i per facilitar la tornada a l&#8217;operativa normal al m\u00e9s aviat possible i amb la m\u00ednima interrupci\u00f3. La Direcci\u00f3 recolza totalment el SGCN i espera que tot el personal en conegui el contingut i que els plans estiguin a punt per ser activats en qualsevol moment.<\/p><p>Barcelona, \u200b\u200b9 de gener del 2023<br> Signat: Josep Puig (Direcci\u00f3 ITBID Technologies 2002, SL)<\/p>\t\t\t\t\t\t\t\t<\/div>\n\t\t\t\t<\/div>\n\t\t\t\t\t<\/div>\n\t\t\t\t<\/div>\n\t\t\t\t<\/div>\n\t\t","protected":false},"excerpt":{"rendered":"<p>Pol\u00edtica de seguretat d&#8217;informaci\u00f3 i continu\u00eftat de negoci Itbid \u00e9s conscient que la seguretat de la informaci\u00f3 relativa als nostres clients \u00e9s un recurs cr\u00edtic, ha establert un sistema de gesti\u00f3 de la seguretat de la informaci\u00f3 d&#8217;acord amb els requisits de la norma ISO\/IEC 27001:2022 per garantir la continu\u00eftat dels sistemes d&#8217;informaci\u00f3, minimitzar els [&hellip;]<\/p>\n","protected":false},"author":2,"featured_media":0,"parent":0,"menu_order":0,"comment_status":"closed","ping_status":"closed","template":"","meta":{"_acf_changed":false,"content-type":"","footnotes":""},"class_list":["post-36064","page","type-page","status-publish","hentry"],"acf":[],"_links":{"self":[{"href":"https:\/\/itbid.com\/ca\/wp-json\/wp\/v2\/pages\/36064","targetHints":{"allow":["GET"]}}],"collection":[{"href":"https:\/\/itbid.com\/ca\/wp-json\/wp\/v2\/pages"}],"about":[{"href":"https:\/\/itbid.com\/ca\/wp-json\/wp\/v2\/types\/page"}],"author":[{"embeddable":true,"href":"https:\/\/itbid.com\/ca\/wp-json\/wp\/v2\/users\/2"}],"replies":[{"embeddable":true,"href":"https:\/\/itbid.com\/ca\/wp-json\/wp\/v2\/comments?post=36064"}],"version-history":[{"count":1,"href":"https:\/\/itbid.com\/ca\/wp-json\/wp\/v2\/pages\/36064\/revisions"}],"predecessor-version":[{"id":36065,"href":"https:\/\/itbid.com\/ca\/wp-json\/wp\/v2\/pages\/36064\/revisions\/36065"}],"wp:attachment":[{"href":"https:\/\/itbid.com\/ca\/wp-json\/wp\/v2\/media?parent=36064"}],"curies":[{"name":"wp","href":"https:\/\/api.w.org\/{rel}","templated":true}]}}