{"id":36058,"date":"2025-07-29T06:16:05","date_gmt":"2025-07-29T06:16:05","guid":{"rendered":"https:\/\/itbid.com\/ebooks\/"},"modified":"2026-03-18T09:29:20","modified_gmt":"2026-03-18T09:29:20","slug":"ebooks","status":"publish","type":"page","link":"https:\/\/itbid.com\/ca\/ebooks\/","title":{"rendered":"ebooks"},"content":{"rendered":"\t\t<div data-elementor-type=\"wp-page\" data-elementor-id=\"36058\" class=\"elementor elementor-36058 elementor-1117\" data-elementor-post-type=\"page\">\n\t\t\t\t<div class=\"elementor-element elementor-element-6ac3f1f e-flex e-con-boxed e-con e-parent\" data-id=\"6ac3f1f\" data-element_type=\"container\" data-e-type=\"container\" data-settings=\"{&quot;background_background&quot;:&quot;classic&quot;}\">\n\t\t\t\t\t<div class=\"e-con-inner\">\n\t\t<div class=\"elementor-element elementor-element-d93ac73 e-con-full e-flex e-con e-child\" data-id=\"d93ac73\" data-element_type=\"container\" data-e-type=\"container\">\n\t\t<div class=\"elementor-element elementor-element-96ad144 e-con-full elementor-hidden-tablet elementor-hidden-mobile e-flex e-con e-child\" data-id=\"96ad144\" data-element_type=\"container\" data-e-type=\"container\">\n\t\t\t\t<div class=\"elementor-element elementor-element-4fef460 elementor-widget elementor-widget-image\" data-id=\"4fef460\" data-element_type=\"widget\" data-e-type=\"widget\" data-widget_type=\"image.default\">\n\t\t\t\t\t\t\t\t\t\t\t\t\t\t\t<img fetchpriority=\"high\" decoding=\"async\" width=\"400\" height=\"404\" src=\"https:\/\/itbid.com\/wp-content\/uploads\/2025\/07\/Isologo-400x404-1.png\" class=\"attachment-large size-large wp-image-35753\" alt=\"\" srcset=\"https:\/\/itbid.com\/wp-content\/uploads\/2025\/07\/Isologo-400x404-1.png 400w, https:\/\/itbid.com\/wp-content\/uploads\/2025\/07\/Isologo-400x404-1-297x300.png 297w\" sizes=\"(max-width: 400px) 100vw, 400px\" \/>\t\t\t\t\t\t\t\t\t\t\t\t\t\t\t<\/div>\n\t\t\t\t<\/div>\n\t\t<div class=\"elementor-element elementor-element-39fca1c e-con-full e-flex e-con e-child\" data-id=\"39fca1c\" data-element_type=\"container\" data-e-type=\"container\">\n\t\t\t\t<div class=\"elementor-element elementor-element-1e4914d elementor-widget elementor-widget-heading\" data-id=\"1e4914d\" data-element_type=\"widget\" data-e-type=\"widget\" data-widget_type=\"heading.default\">\n\t\t\t\t\t<h2 class=\"elementor-heading-title elementor-size-default\">Ebooks<\/h2>\t\t\t\t<\/div>\n\t\t\t\t<div class=\"elementor-element elementor-element-0a7fe05 elementor-widget elementor-widget-text-editor\" data-id=\"0a7fe05\" data-element_type=\"widget\" data-e-type=\"widget\" data-widget_type=\"text-editor.default\">\n\t\t\t\t\t\t\t\t\t<p>Descarrega els nostres ebooks gratu\u00efts, amb informaci\u00f3 pr\u00e0ctica i accessible per potenciar la funci\u00f3 de compres.<\/p>\t\t\t\t\t\t\t\t<\/div>\n\t\t\t\t<\/div>\n\t\t<div class=\"elementor-element elementor-element-400028a e-con-full e-flex e-con e-child\" data-id=\"400028a\" data-element_type=\"container\" data-e-type=\"container\">\n\t\t\t\t<div class=\"elementor-element elementor-element-f9decf6 elementor-hidden-desktop elementor-hidden-laptop elementor-widget elementor-widget-image\" data-id=\"f9decf6\" data-element_type=\"widget\" data-e-type=\"widget\" data-widget_type=\"image.default\">\n\t\t\t\t\t\t\t\t\t\t\t\t\t\t\t<img decoding=\"async\" width=\"800\" height=\"600\" src=\"https:\/\/itbid.com\/wp-content\/uploads\/2025\/07\/ebooks.webp\" class=\"attachment-large size-large wp-image-35771\" alt=\"\" srcset=\"https:\/\/itbid.com\/wp-content\/uploads\/2025\/07\/ebooks.webp 800w, https:\/\/itbid.com\/wp-content\/uploads\/2025\/07\/ebooks-300x225.webp 300w, https:\/\/itbid.com\/wp-content\/uploads\/2025\/07\/ebooks-768x576.webp 768w\" sizes=\"(max-width: 800px) 100vw, 800px\" \/>\t\t\t\t\t\t\t\t\t\t\t\t\t\t\t<\/div>\n\t\t\t\t<\/div>\n\t\t\t\t<\/div>\n\t\t\t\t\t<\/div>\n\t\t\t\t<\/div>\n\t\t<div class=\"elementor-element elementor-element-dc60095 e-flex e-con-boxed e-con e-parent\" data-id=\"dc60095\" data-element_type=\"container\" data-e-type=\"container\">\n\t\t\t\t\t<div class=\"e-con-inner\">\n\t\t<div class=\"elementor-element elementor-element-0eefd08 e-con-full e-grid e-con e-child\" data-id=\"0eefd08\" data-element_type=\"container\" data-e-type=\"container\">\n\t\t<div class=\"elementor-element elementor-element-b2c8ea4 e-con-full e-flex e-con e-child\" data-id=\"b2c8ea4\" data-element_type=\"container\" data-e-type=\"container\">\n\t\t\t\t<div class=\"elementor-element elementor-element-c8716bf elementor-widget elementor-widget-image\" data-id=\"c8716bf\" data-element_type=\"widget\" data-e-type=\"widget\" data-widget_type=\"image.default\">\n\t\t\t\t\t\t\t\t\t\t\t\t\t\t\t<img decoding=\"async\" width=\"794\" height=\"794\" src=\"https:\/\/itbid.com\/wp-content\/uploads\/2026\/01\/imgi_39_Plantilla-Calculadora-ROI.jpg\" class=\"attachment-full size-full wp-image-36061\" alt=\"\" srcset=\"https:\/\/itbid.com\/wp-content\/uploads\/2026\/01\/imgi_39_Plantilla-Calculadora-ROI.jpg 794w, https:\/\/itbid.com\/wp-content\/smush-webp\/2026\/01\/imgi_39_Plantilla-Calculadora-ROI-300x300.jpg.webp 300w, https:\/\/itbid.com\/wp-content\/uploads\/2026\/01\/imgi_39_Plantilla-Calculadora-ROI-150x150.jpg 150w, https:\/\/itbid.com\/wp-content\/uploads\/2026\/01\/imgi_39_Plantilla-Calculadora-ROI-768x768.jpg 768w\" sizes=\"(max-width: 794px) 100vw, 794px\" \/>\t\t\t\t\t\t\t\t\t\t\t\t\t\t\t<\/div>\n\t\t\t\t<div class=\"elementor-element elementor-element-7d72b95 elementor-widget elementor-widget-text-editor\" data-id=\"7d72b95\" data-element_type=\"widget\" data-e-type=\"widget\" data-widget_type=\"text-editor.default\">\n\t\t\t\t\t\t\t\t\t<p>Obtingues una estimaci\u00f3 del benefici que la digitalitzaci\u00f3 del teu departament de compres amb la nostra plataforma col\u00b7laborativa pot suposar per a la teva empresa.<\/p>\t\t\t\t\t\t\t\t<\/div>\n\t\t\t\t<div class=\"elementor-element elementor-element-bf37ab1 elementor-align-center elementor-widget elementor-widget-button\" data-id=\"bf37ab1\" data-element_type=\"widget\" data-e-type=\"widget\" data-widget_type=\"button.default\">\n\t\t\t\t\t\t\t\t\t\t<a class=\"elementor-button elementor-button-link elementor-size-sm\" href=\"https:\/\/srm.itbid.com\/plantilla-calculador-de-roi?_gl=1*1tuvls7*_gcl_au*MTQwNDgyMDkyOS4xNzY5MTAxMzc2*_ga*MTE0NzM1MTUzMC4xNzY5MTAxMzc2*_ga_X2J6FF24WW*czE3NjkxOTc4MTIkbzQkZzEkdDE3NjkxOTk0ODkkajU4JGwwJGgw\" target=\"_blank\">\n\t\t\t\t\t\t<span class=\"elementor-button-content-wrapper\">\n\t\t\t\t\t\t\t\t\t<span class=\"elementor-button-text\">DESCARREGAR<\/span>\n\t\t\t\t\t<\/span>\n\t\t\t\t\t<\/a>\n\t\t\t\t\t\t\t\t<\/div>\n\t\t\t\t<\/div>\n\t\t<div class=\"elementor-element elementor-element-b3bc1ac e-con-full e-flex e-con e-child\" data-id=\"b3bc1ac\" data-element_type=\"container\" data-e-type=\"container\">\n\t\t\t\t<div class=\"elementor-element elementor-element-505d45a elementor-widget elementor-widget-image\" data-id=\"505d45a\" data-element_type=\"widget\" data-e-type=\"widget\" data-widget_type=\"image.default\">\n\t\t\t\t\t\t\t\t\t\t\t\t\t\t\t<img loading=\"lazy\" decoding=\"async\" width=\"794\" height=\"794\" src=\"https:\/\/itbid.com\/wp-content\/uploads\/2025\/07\/Como-abordar-con-exito-la-implementacion-ESG-en-tu-empresa.webp\" class=\"attachment-full size-full wp-image-36059\" alt=\"\" srcset=\"https:\/\/itbid.com\/wp-content\/uploads\/2025\/07\/Como-abordar-con-exito-la-implementacion-ESG-en-tu-empresa.webp 794w, https:\/\/itbid.com\/wp-content\/uploads\/2025\/07\/Como-abordar-con-exito-la-implementacion-ESG-en-tu-empresa-300x300.webp 300w, https:\/\/itbid.com\/wp-content\/uploads\/2025\/07\/Como-abordar-con-exito-la-implementacion-ESG-en-tu-empresa-150x150.webp 150w, https:\/\/itbid.com\/wp-content\/uploads\/2025\/07\/Como-abordar-con-exito-la-implementacion-ESG-en-tu-empresa-768x768.webp 768w\" sizes=\"(max-width: 794px) 100vw, 794px\" \/>\t\t\t\t\t\t\t\t\t\t\t\t\t\t\t<\/div>\n\t\t\t\t<div class=\"elementor-element elementor-element-5959738 elementor-widget elementor-widget-text-editor\" data-id=\"5959738\" data-element_type=\"widget\" data-e-type=\"widget\" data-widget_type=\"text-editor.default\">\n\t\t\t\t\t\t\t\t\t<p>Desxifra els termes clau, compr\u00e8n les implicacions i pren decisions estrat\u00e8giques per impulsar la sostenibilitat a la teva organitzaci\u00f3, d&#8217;una manera pr\u00e0ctica i senzilla.<\/p>\t\t\t\t\t\t\t\t<\/div>\n\t\t\t\t<div class=\"elementor-element elementor-element-3edbb47 elementor-align-center elementor-widget elementor-widget-button\" data-id=\"3edbb47\" data-element_type=\"widget\" data-e-type=\"widget\" data-widget_type=\"button.default\">\n\t\t\t\t\t\t\t\t\t\t<a class=\"elementor-button elementor-button-link elementor-size-sm\" href=\"https:\/\/srm.itbid.com\/guia-esg?_gl=1*1jjliu5*_gcl_au*MTU2ODQ5OTAxMC4xNzUzMTEwNDgz*_ga*NzU3MDYwNzYyLjE3NTMxMTA0ODM.*_ga_X2J6FF24WW*czE3NTM5MTU1OTkkbzM4JGcxJHQxNzUzOTE2MzExJGoxNyRsMCRoMA..\" target=\"_blank\">\n\t\t\t\t\t\t<span class=\"elementor-button-content-wrapper\">\n\t\t\t\t\t\t\t\t\t<span class=\"elementor-button-text\">DESCARREGAR<\/span>\n\t\t\t\t\t<\/span>\n\t\t\t\t\t<\/a>\n\t\t\t\t\t\t\t\t<\/div>\n\t\t\t\t<\/div>\n\t\t<div class=\"elementor-element elementor-element-77fa3a4 e-con-full e-flex e-con e-child\" data-id=\"77fa3a4\" data-element_type=\"container\" data-e-type=\"container\">\n\t\t\t\t<div class=\"elementor-element elementor-element-4e8b33a elementor-widget elementor-widget-image\" data-id=\"4e8b33a\" data-element_type=\"widget\" data-e-type=\"widget\" data-widget_type=\"image.default\">\n\t\t\t\t\t\t\t\t\t\t\t\t\t\t\t<img loading=\"lazy\" decoding=\"async\" width=\"794\" height=\"794\" src=\"https:\/\/itbid.com\/wp-content\/uploads\/2025\/07\/Guia-Rapida.webp\" class=\"attachment-full size-full wp-image-36060\" alt=\"\" srcset=\"https:\/\/itbid.com\/wp-content\/uploads\/2025\/07\/Guia-Rapida.webp 794w, https:\/\/itbid.com\/wp-content\/uploads\/2025\/07\/Guia-Rapida-300x300.webp 300w, https:\/\/itbid.com\/wp-content\/uploads\/2025\/07\/Guia-Rapida-150x150.webp 150w, https:\/\/itbid.com\/wp-content\/uploads\/2025\/07\/Guia-Rapida-768x768.webp 768w\" sizes=\"(max-width: 794px) 100vw, 794px\" \/>\t\t\t\t\t\t\t\t\t\t\t\t\t\t\t<\/div>\n\t\t\t\t<div class=\"elementor-element elementor-element-d4055dd elementor-widget elementor-widget-text-editor\" data-id=\"d4055dd\" data-element_type=\"widget\" data-e-type=\"widget\" data-widget_type=\"text-editor.default\">\n\t\t\t\t\t\t\t\t\t<p>La nostra guia gratu\u00efta us mostra com preparar la vostra empresa per a la digitalitzaci\u00f3.<br> Transforma els teus processos de compres a un motor d&#8217;efici\u00e8ncia i sostenibilitat.<\/p>\t\t\t\t\t\t\t\t<\/div>\n\t\t\t\t<div class=\"elementor-element elementor-element-977ba41 elementor-align-center elementor-widget elementor-widget-button\" data-id=\"977ba41\" data-element_type=\"widget\" data-e-type=\"widget\" data-widget_type=\"button.default\">\n\t\t\t\t\t\t\t\t\t\t<a class=\"elementor-button elementor-button-link elementor-size-sm\" href=\"https:\/\/srm.itbid.com\/guia-digitalizacion?_gl=1*ztu7do*_gcl_au*MTU2ODQ5OTAxMC4xNzUzMTEwNDgz*_ga*NzU3MDYwNzYyLjE3NTMxMTA0ODM.*_ga_X2J6FF24WW*czE3NTM5MTU1OTkkbzM4JGcxJHQxNzUzOTE2MzIyJGo2JGwwJGgw\" target=\"_blank\">\n\t\t\t\t\t\t<span class=\"elementor-button-content-wrapper\">\n\t\t\t\t\t\t\t\t\t<span class=\"elementor-button-text\">DESCARREGAR<\/span>\n\t\t\t\t\t<\/span>\n\t\t\t\t\t<\/a>\n\t\t\t\t\t\t\t\t<\/div>\n\t\t\t\t<\/div>\n\t\t<div class=\"elementor-element elementor-element-28c0ad4 e-con-full e-flex e-con e-child\" data-id=\"28c0ad4\" data-element_type=\"container\" data-e-type=\"container\">\n\t\t\t\t<div class=\"elementor-element elementor-element-273031a elementor-widget elementor-widget-image\" data-id=\"273031a\" data-element_type=\"widget\" data-e-type=\"widget\" data-widget_type=\"image.default\">\n\t\t\t\t\t\t\t\t\t\t\t\t\t\t\t<img loading=\"lazy\" decoding=\"async\" width=\"496\" height=\"496\" src=\"https:\/\/itbid.com\/wp-content\/smush-webp\/2026\/02\/Portadas-ebooks.png.webp\" class=\"attachment-full size-full wp-image-36062\" alt=\"6-preguntes-que-mesuren-la-fragilitat-de-el teu-sistema\" srcset=\"https:\/\/itbid.com\/wp-content\/smush-webp\/2026\/02\/Portadas-ebooks.png.webp 496w, https:\/\/itbid.com\/wp-content\/smush-webp\/2026\/02\/Portadas-ebooks-300x300.png.webp 300w, https:\/\/itbid.com\/wp-content\/smush-webp\/2026\/02\/Portadas-ebooks-150x150.png.webp 150w\" sizes=\"(max-width: 496px) 100vw, 496px\" \/>\t\t\t\t\t\t\t\t\t\t\t\t\t\t\t<\/div>\n\t\t\t\t<div class=\"elementor-element elementor-element-b863006 elementor-widget elementor-widget-text-editor\" data-id=\"b863006\" data-element_type=\"widget\" data-e-type=\"widget\" data-widget_type=\"text-editor.default\">\n\t\t\t\t\t\t\t\t\t<p>La teva \u00e0rea de compres t\u00e9 control o funciona per in\u00e8rcia? Identifica amb 6 preguntes on falla el teu sistema.<br> I sabr\u00e0s exactament per on comen\u00e7ar en mat\u00e8ria de digitalitzaci\u00f3 de processos. <\/p>\t\t\t\t\t\t\t\t<\/div>\n\t\t\t\t<div class=\"elementor-element elementor-element-854f7d1 elementor-align-center elementor-widget elementor-widget-button\" data-id=\"854f7d1\" data-element_type=\"widget\" data-e-type=\"widget\" data-widget_type=\"button.default\">\n\t\t\t\t\t\t\t\t\t\t<a class=\"elementor-button elementor-button-link elementor-size-sm\" href=\"https:\/\/srm.itbid.com\/6-preguntas-que-miden-la-fragilidad-de-tu-sistema\" target=\"_blank\">\n\t\t\t\t\t\t<span class=\"elementor-button-content-wrapper\">\n\t\t\t\t\t\t\t\t\t<span class=\"elementor-button-text\">DESCARREGAR<\/span>\n\t\t\t\t\t<\/span>\n\t\t\t\t\t<\/a>\n\t\t\t\t\t\t\t\t<\/div>\n\t\t\t\t<\/div>\n\t\t\t\t<\/div>\n\t\t\t\t\t<\/div>\n\t\t\t\t<\/div>\n\t\t<div class=\"elementor-element elementor-element-8062973 e-flex e-con-boxed e-con e-parent\" data-id=\"8062973\" data-element_type=\"container\" data-e-type=\"container\" data-settings=\"{&quot;background_background&quot;:&quot;classic&quot;}\">\n\t\t\t\t\t<div class=\"e-con-inner\">\n\t\t<div class=\"elementor-element elementor-element-74c3b90 e-con-full e-flex e-con e-child\" data-id=\"74c3b90\" data-element_type=\"container\" data-e-type=\"container\">\n\t\t<div class=\"elementor-element elementor-element-b20c568 e-con-full e-flex e-con e-child\" data-id=\"b20c568\" data-element_type=\"container\" data-e-type=\"container\">\n\t\t\t\t<div class=\"elementor-element elementor-element-8e0d469 elementor-widget elementor-widget-heading\" data-id=\"8e0d469\" data-element_type=\"widget\" data-e-type=\"widget\" data-widget_type=\"heading.default\">\n\t\t\t\t\t<h2 class=\"elementor-heading-title elementor-size-default\">Subscriu-te a <b>la nostra newsletter<\/b>\n<\/h2>\t\t\t\t<\/div>\n\t\t\t\t<div class=\"elementor-element elementor-element-e75da1b elementor-widget elementor-widget-text-editor\" data-id=\"e75da1b\" data-element_type=\"widget\" data-e-type=\"widget\" data-widget_type=\"text-editor.default\">\n\t\t\t\t\t\t\t\t\t<div class=\"fusion-title title fusion-title-26 fusion-sep-none fusion-title-text fusion-title-size-two fusion-animated\" data-animationtype=\"fadeInLeft\" data-animationduration=\"0.3\" data-animationoffset=\"top-into-view\"><p class=\"fusion-title-heading title-heading-left fusion-responsive-typography-calculated\">No us perdeu les novetats en digitalitzaci\u00f3, esdeveniments i not\u00edcies relacionades amb l&#8217;\u00e0rea de compres.<\/p><\/div>\t\t\t\t\t\t\t\t<\/div>\n\t\t\t\t<div class=\"elementor-element elementor-element-df6585c elementor-widget elementor-widget-html\" data-id=\"df6585c\" data-element_type=\"widget\" data-e-type=\"widget\" data-widget_type=\"html.default\">\n\t\t\t\t\t<script charset=\"utf-8\" type=\"text\/javascript\" src=\"\/\/js.hsforms.net\/forms\/embed\/v2.js\"><\/script>\r\n<script>\r\n  hbspt.forms.create({\r\n    portalId: \"6983818\",\r\n    formId: \"02c24bf2-9bcb-4e97-b0e7-5ad635dbd3d3\",\r\n    region: \"na1\"\r\n  });\r\n<\/script>\t\t\t\t<\/div>\n\t\t\t\t<\/div>\n\t\t\t\t<\/div>\n\t\t\t\t\t<\/div>\n\t\t\t\t<\/div>\n\t\t\t\t<\/div>\n\t\t","protected":false},"excerpt":{"rendered":"<p>Ebooks Descarrega els nostres ebooks gratu\u00efts, amb informaci\u00f3 pr\u00e0ctica i accessible per potenciar la funci\u00f3 de compres. Obtingues una estimaci\u00f3 del benefici que la digitalitzaci\u00f3 del teu departament de compres amb la nostra plataforma col\u00b7laborativa pot suposar per a la teva empresa. DESCARREGAR Desxifra els termes clau, compr\u00e8n les implicacions i pren decisions estrat\u00e8giques per [&hellip;]<\/p>\n","protected":false},"author":2,"featured_media":0,"parent":0,"menu_order":0,"comment_status":"closed","ping_status":"closed","template":"","meta":{"_acf_changed":false,"content-type":"","footnotes":""},"class_list":["post-36058","page","type-page","status-publish","hentry"],"acf":[],"_links":{"self":[{"href":"https:\/\/itbid.com\/ca\/wp-json\/wp\/v2\/pages\/36058","targetHints":{"allow":["GET"]}}],"collection":[{"href":"https:\/\/itbid.com\/ca\/wp-json\/wp\/v2\/pages"}],"about":[{"href":"https:\/\/itbid.com\/ca\/wp-json\/wp\/v2\/types\/page"}],"author":[{"embeddable":true,"href":"https:\/\/itbid.com\/ca\/wp-json\/wp\/v2\/users\/2"}],"replies":[{"embeddable":true,"href":"https:\/\/itbid.com\/ca\/wp-json\/wp\/v2\/comments?post=36058"}],"version-history":[{"count":7,"href":"https:\/\/itbid.com\/ca\/wp-json\/wp\/v2\/pages\/36058\/revisions"}],"predecessor-version":[{"id":37111,"href":"https:\/\/itbid.com\/ca\/wp-json\/wp\/v2\/pages\/36058\/revisions\/37111"}],"wp:attachment":[{"href":"https:\/\/itbid.com\/ca\/wp-json\/wp\/v2\/media?parent=36058"}],"curies":[{"name":"wp","href":"https:\/\/api.w.org\/{rel}","templated":true}]}}