{"id":36045,"date":"2025-07-30T04:16:21","date_gmt":"2025-07-30T04:16:21","guid":{"rendered":"https:\/\/itbid.com\/avis-legal\/"},"modified":"2026-03-10T12:31:26","modified_gmt":"2026-03-10T12:31:26","slug":"avis-legal","status":"publish","type":"page","link":"https:\/\/itbid.com\/ca\/avis-legal\/","title":{"rendered":"Av\u00eds legal"},"content":{"rendered":"\t\t<div data-elementor-type=\"wp-page\" data-elementor-id=\"36045\" class=\"elementor elementor-36045 elementor-1257\" data-elementor-post-type=\"page\">\n\t\t\t\t<div class=\"elementor-element elementor-element-59f0cc1 e-flex e-con-boxed e-con e-parent\" data-id=\"59f0cc1\" data-element_type=\"container\" data-e-type=\"container\" data-settings=\"{&quot;background_background&quot;:&quot;classic&quot;}\">\n\t\t\t\t\t<div class=\"e-con-inner\">\n\t\t<div class=\"elementor-element elementor-element-681864f e-con-full e-flex e-con e-child\" data-id=\"681864f\" data-element_type=\"container\" data-e-type=\"container\">\n\t\t<div class=\"elementor-element elementor-element-0d87627 e-con-full elementor-hidden-tablet elementor-hidden-mobile e-flex e-con e-child\" data-id=\"0d87627\" data-element_type=\"container\" data-e-type=\"container\">\n\t\t\t\t<div class=\"elementor-element elementor-element-4717fe4 elementor-widget elementor-widget-image\" data-id=\"4717fe4\" data-element_type=\"widget\" data-e-type=\"widget\" data-widget_type=\"image.default\">\n\t\t\t\t\t\t\t\t\t\t\t\t\t\t\t<img fetchpriority=\"high\" decoding=\"async\" width=\"400\" height=\"404\" src=\"https:\/\/itbid.com\/wp-content\/uploads\/2025\/07\/Isologo-400x404-1.png\" class=\"attachment-large size-large wp-image-35753\" alt=\"\" srcset=\"https:\/\/itbid.com\/wp-content\/uploads\/2025\/07\/Isologo-400x404-1.png 400w, https:\/\/itbid.com\/wp-content\/uploads\/2025\/07\/Isologo-400x404-1-297x300.png 297w\" sizes=\"(max-width: 400px) 100vw, 400px\" \/>\t\t\t\t\t\t\t\t\t\t\t\t\t\t\t<\/div>\n\t\t\t\t<\/div>\n\t\t<div class=\"elementor-element elementor-element-aaaa07c e-con-full e-flex e-con e-child\" data-id=\"aaaa07c\" data-element_type=\"container\" data-e-type=\"container\">\n\t\t\t\t<div class=\"elementor-element elementor-element-5fa8676 elementor-widget elementor-widget-heading\" data-id=\"5fa8676\" data-element_type=\"widget\" data-e-type=\"widget\" data-widget_type=\"heading.default\">\n\t\t\t\t\t<h2 class=\"elementor-heading-title elementor-size-default\">Av\u00eds legal<\/h2>\t\t\t\t<\/div>\n\t\t\t\t<\/div>\n\t\t\t\t<\/div>\n\t\t\t\t\t<\/div>\n\t\t\t\t<\/div>\n\t\t<div class=\"elementor-element elementor-element-dc5bc75 e-flex e-con-boxed e-con e-parent\" data-id=\"dc5bc75\" data-element_type=\"container\" data-e-type=\"container\">\n\t\t\t\t\t<div class=\"e-con-inner\">\n\t\t<div class=\"elementor-element elementor-element-da45526 e-con-full e-flex e-con e-child\" data-id=\"da45526\" data-element_type=\"container\" data-e-type=\"container\">\n\t\t<div class=\"elementor-element elementor-element-02ef593 e-con-full e-flex e-con e-child\" data-id=\"02ef593\" data-element_type=\"container\" data-e-type=\"container\">\n\t\t<div class=\"elementor-element elementor-element-220141b e-con-full e-flex e-con e-child\" data-id=\"220141b\" data-element_type=\"container\" data-e-type=\"container\">\n\t\t\t\t<div class=\"elementor-element elementor-element-08bf3e5 elementor-widget elementor-widget-heading\" data-id=\"08bf3e5\" data-element_type=\"widget\" data-e-type=\"widget\" data-widget_type=\"heading.default\">\n\t\t\t\t\t<h2 class=\"elementor-heading-title elementor-size-default\">LLEI DELS SERVEIS DE LA SOCIETAT DE LA INFORMACI\u00d3 (LSSI)<\/h2>\t\t\t\t<\/div>\n\t\t\t\t<div class=\"elementor-element elementor-element-bdc76d2 elementor-widget elementor-widget-text-editor\" data-id=\"bdc76d2\" data-element_type=\"widget\" data-e-type=\"widget\" data-widget_type=\"text-editor.default\">\n\t\t\t\t\t\t\t\t\t<p>ITBID TECHNOLOGIES 2002, SL, responsable del lloc web, d&#8217;ara endavant RESPONSABLE, posa a disposici\u00f3 dels usuaris aquest document, amb el qual pret\u00e9n donar compliment a les obligacions d&#8217;informaci\u00f3 disposades a l&#8217;art. 10 i seg. de la Llei 34\/2002, d&#8217;11 de juliol, de serveis de la societat de la informaci\u00f3 i de comer\u00e7 electr\u00f2nic (LSSICE), BOE n\u00fam. 166, aix\u00ed com informar tots els usuaris del lloc web respecte a quines s\u00f3n les condicions d&#8217;\u00fas.  <\/p><p>Tota persona que accedeixi a aquest lloc web assumeix el paper d&#8217;usuari, comprometent-se a l&#8217;observan\u00e7a i el compliment rigor\u00f3s de les disposicions aqu\u00ed disposades, aix\u00ed com a qualsevol altra disposici\u00f3 legal que sigui aplicable.  <\/p><p>ITBID TECHNOLOGIES 2002, SL es reserva el dret de modificar qualsevol tipus d&#8217;informaci\u00f3 que pogu\u00e9s apar\u00e8ixer al lloc web, sense que hi hagi obligaci\u00f3 de preavisar o posar en coneixement dels usuaris aquestes obligacions, entenent com a suficient la publicaci\u00f3 al lloc web d&#8217;ITBID TECHNOLOGIES 2002, SL  <\/p>\t\t\t\t\t\t\t\t<\/div>\n\t\t\t\t<\/div>\n\t\t<div class=\"elementor-element elementor-element-a8e4ee3 e-con-full e-flex e-con e-child\" data-id=\"a8e4ee3\" data-element_type=\"container\" data-e-type=\"container\">\n\t\t\t\t<div class=\"elementor-element elementor-element-c65fdfa elementor-widget elementor-widget-heading\" data-id=\"c65fdfa\" data-element_type=\"widget\" data-e-type=\"widget\" data-widget_type=\"heading.default\">\n\t\t\t\t\t<h2 class=\"elementor-heading-title elementor-size-default\">DEFINICIONS:  <\/h2>\t\t\t\t<\/div>\n\t\t\t\t<div class=\"elementor-element elementor-element-39eaf0a elementor-widget elementor-widget-text-editor\" data-id=\"39eaf0a\" data-element_type=\"widget\" data-e-type=\"widget\" data-widget_type=\"text-editor.default\">\n\t\t\t\t\t\t\t\t\t<p><b>Serveis de la societat de la informaci\u00f3,<\/b> que engloba, a m\u00e9s de la contractaci\u00f3 de b\u00e9ns i serveis per via electr\u00f2nica, el subministrament d&#8217;informaci\u00f3 per aquest mitj\u00e0 (com el que efectuen els diaris o revistes que es poden trobar a la xarxa), les activitats d&#8217;intermediaci\u00f3 relatives a la provisi\u00f3 d&#8217;acc\u00e9s a la xarxa, a la transmissi\u00f3 de dades per xarxes de telecomunicacions, a la realitzaci\u00f3 de les propis servidors d&#8217;informaci\u00f3, serveis o aplicacions facilitats per altres oa la provisi\u00f3 d&#8217;instruments de cerca o d&#8217;enlla\u00e7os a altres llocs d&#8217;Internet, aix\u00ed com qualsevol altre servei que es presti a petici\u00f3 individual dels usuaris (desc\u00e0rrega de fitxers de v\u00eddeo o \u00e0udio\u2026), sempre que representi una activitat econ\u00f2mica per al prestador.  <\/p><p><b>Establiment<\/b> s&#8217;ent\u00e9n el lloc des del qual es dirigeix \u200b\u200bi gestiona una activitat econ\u00f2mica, definici\u00f3 aquesta que s&#8217;inspira en el concepte de domicili fiscal recollit en les normes tribut\u00e0ries espanyoles i que resulta compatible amb la noci\u00f3 material d&#8217;establiment predicada pel dret comunitari.<\/p>\t\t\t\t\t\t\t\t<\/div>\n\t\t\t\t<\/div>\n\t\t<div class=\"elementor-element elementor-element-21f599b e-con-full e-flex e-con e-child\" data-id=\"21f599b\" data-element_type=\"container\" data-e-type=\"container\">\n\t\t\t\t<div class=\"elementor-element elementor-element-2b2cec6 elementor-widget elementor-widget-heading\" data-id=\"2b2cec6\" data-element_type=\"widget\" data-e-type=\"widget\" data-widget_type=\"heading.default\">\n\t\t\t\t\t<h2 class=\"elementor-heading-title elementor-size-default\">1. DADES IDENTIFICATIVES<\/h2>\t\t\t\t<\/div>\n\t\t\t\t<div class=\"elementor-element elementor-element-0988020 elementor-widget elementor-widget-text-editor\" data-id=\"0988020\" data-element_type=\"widget\" data-e-type=\"widget\" data-widget_type=\"text-editor.default\">\n\t\t\t\t\t\t\t\t\t<p>Nom de domini: <a href=\"https:\/\/itbid.com\/ca\/\">itbid.com<\/a> <\/p><p>Nom comercial: itbid \u2013 Innovating Procurement  <\/p><p>Denominaci\u00f3 social: ITBID TECHNOLOGIES 2002, SL  <\/p><p>NIF: B65531261  <\/p><p>Domicili social: AVDA. JOSEP TARRADELLAS, 8 AT. 3, 08029 Barcelona (BARCELONA)    <\/p><p>Tel\u00e8fon: (+34) 933 218 614  <\/p><p>E-mail: info@itbid.com<\/p><p>Registre Mercantil de Barcelona. Full B \u2013 409666, Tom 42555, Foli 7, Inscripci\u00f3 1a.   <\/p>\t\t\t\t\t\t\t\t<\/div>\n\t\t\t\t<\/div>\n\t\t<div class=\"elementor-element elementor-element-6571c88 e-con-full e-flex e-con e-child\" data-id=\"6571c88\" data-element_type=\"container\" data-e-type=\"container\">\n\t\t\t\t<div class=\"elementor-element elementor-element-85a57bd elementor-widget elementor-widget-heading\" data-id=\"85a57bd\" data-element_type=\"widget\" data-e-type=\"widget\" data-widget_type=\"heading.default\">\n\t\t\t\t\t<h2 class=\"elementor-heading-title elementor-size-default\">3. EXEMPCI\u00d3 DE RESPONSABILITATS<\/h2>\t\t\t\t<\/div>\n\t\t\t\t<div class=\"elementor-element elementor-element-5534d96 elementor-widget elementor-widget-text-editor\" data-id=\"5534d96\" data-element_type=\"widget\" data-e-type=\"widget\" data-widget_type=\"text-editor.default\">\n\t\t\t\t\t\t\t\t\t<p>El RESPONSABLE s&#8217;eximeix de qualsevol tipus de responsabilitat derivada de la informaci\u00f3 publicada al seu lloc web sempre que no tingui coneixement efectiu que aquesta informaci\u00f3 hagi estat manipulada o introdu\u00efda per un tercer ali\u00e8 al mateix o, si en t\u00e9, hagi actuat amb dilig\u00e8ncia per retirar les dades o fer impossible accedir-hi.  <\/p><h3 class=\"fusion-responsive-typography-calculated\" data-fontsize=\"25\" data-lineheight=\"32.5px\">\u00das de galetes<\/h3><p>Aquest lloc web pot utilitzar cookies t\u00e8cniques (petits arxius dinformaci\u00f3 que el servidor envia a lordinador de qui accedeix a la p\u00e0gina) per dur a terme determinades funcions que s\u00f3n considerades imprescindibles per al correcte funcionament i visualitzaci\u00f3 del lloc. Les galetes utilitzades tenen, en tot cas, car\u00e0cter temporal, amb l&#8217;\u00fanica finalitat de fer m\u00e9s efica\u00e7 la navegaci\u00f3, i desapareixen en acabar la sessi\u00f3 de l&#8217;usuari. En cap cas, aquestes galetes proporcionen per si mateixes dades de car\u00e0cter personal i no s&#8217;utilitzaran per a la recollida dels mateixos.    <\/p><p>Mitjan\u00e7ant l&#8217;\u00fas de cookies tamb\u00e9 \u00e9s possible que el servidor on es troba la web reconegui el navegador utilitzat per l&#8217;usuari amb la finalitat que la navegaci\u00f3 sigui m\u00e9s senzilla, permetent, per exemple, l&#8217;acc\u00e9s dels usuaris que s&#8217;hagin registrat pr\u00e8viament a les \u00e0rees, serveis, promocions o concursos reservats exclusivament a aquests sense haver de registrar-se a cada visita. Tamb\u00e9 es poden utilitzar per mesurar l&#8217;audi\u00e8ncia, par\u00e0metres de tr\u00e0nsit, controlar el progr\u00e9s i el nombre d&#8217;entrades, etc., en aquests casos s\u00f3n galetes prescindibles t\u00e8cnicament, per\u00f2 beneficioses per a l&#8217;usuari. Aquest lloc web no instal\u00b7lar\u00e0 <i>galetes<\/i> prescindibles sense el consentiment previ de l&#8217;usuari.    <\/p><p>Aquest lloc web utilitza cookies pr\u00f2pies i de tercers per a fins anal\u00edtics i per mostrar publicitat personalitzada en base a un perfil elaborat a partir dels seus h\u00e0bits de navegaci\u00f3 (per exemple, p\u00e0gines visitades). A qualsevol usuari que visita la web se li informa de l&#8217;\u00fas d&#8217;aquestes galetes mitjan\u00e7ant un banner flotant. En cas d&#8217;acceptar-ne l&#8217;\u00fas, el banner desapareixer\u00e0, encara que en tot moment podr\u00e0 revocar el consentiment i obtenir m\u00e9s informaci\u00f3 consultant la nostra Pol\u00edtica de cookies.    <\/p><p>L&#8217;usuari t\u00e9 la possibilitat de configurar el vostre navegador per ser alertat de la recepci\u00f3 de cookies i per impedir la seva instal\u00b7laci\u00f3 al vostre equip. Si us plau, consulteu les instruccions del vostre navegador per ampliar aquesta informaci\u00f3.   <\/p><h3 class=\"fusion-responsive-typography-calculated\" data-fontsize=\"25\" data-lineheight=\"32.5px\">Pol\u00edtica d&#8217;enlla\u00e7os<\/h3><p>Des del lloc web, \u00e9s possible que es redirigeixi a continguts de tercers llocs web. At\u00e8s que el RESPONSABLE no pot controlar sempre els continguts introdu\u00efts per tercers als seus respectius llocs web, no assumeix cap tipus de responsabilitat respecte a aquests continguts. En tot cas, procedir\u00e0 a la retirada immediata de qualsevol contingut que pogu\u00e9s contravenir la legislaci\u00f3 nacional o internacional, la moral o l&#8217;ordre p\u00fablic, procedint a la retirada immediata de la redirecci\u00f3 a aquest lloc web, posant en coneixement de les autoritats competents el contingut en q\u00fcesti\u00f3.  <\/p><p>El RESPONSABLE no es fa responsable de la informaci\u00f3 i continguts emmagatzemats, a t\u00edtol enunciatiu per\u00f2 no limitatiu, en f\u00f2rums, xats, generadors de blocs, comentaris, xarxes socials o qualsevol altre mitj\u00e0 que permeti a tercers publicar continguts de forma independent a la p\u00e0gina web del RESPONSABLE. No obstant aix\u00f2, i en compliment del que disposen els articles 11 i 16 de la LSSICE, es posa a disposici\u00f3 de tots els usuaris, autoritats i forces de seguretat, col\u00b7laborant de manera activa en la retirada o, si escau, bloqueig de tots aquells continguts que puguin afectar o contravenir la legislaci\u00f3 nacional o internacional, els drets de tercers o la moral i l&#8217;ordre p\u00fablic. En cas que l&#8217;usuari consideri que hi ha al lloc web algun contingut que pogu\u00e9s ser susceptible d&#8217;aquesta classificaci\u00f3, es prega que ho notifiqui de manera immediata a l&#8217;administrador del lloc web.  <\/p><p>Aquest lloc web s&#8217;ha revisat i provat perqu\u00e8 funcioni correctament. En principi, es pot garantir el funcionament correcte els 365 dies de l&#8217;any, 24 hores al dia. Tot i aix\u00f2, el RESPONSABLE no descarta la possibilitat que hi hagi certs errors de programaci\u00f3, o que esdevinguin causes de for\u00e7a major, cat\u00e0strofes naturals, vagues o circumst\u00e0ncies semblants que facin impossible l&#8217;acc\u00e9s a la p\u00e0gina web.  <\/p><h3 class=\"fusion-responsive-typography-calculated\" data-fontsize=\"25\" data-lineheight=\"32.5px\">Adreces IP<\/h3><p>Els servidors del lloc web podran detectar autom\u00e0ticament l&#8217;adre\u00e7a IP i el nom de domini utilitzats per l&#8217;usuari. Una adre\u00e7a IP \u00e9s un n\u00famero assignat autom\u00e0ticament a un ordinador quan aquest es connecta a Internet. Tota aquesta informaci\u00f3 es registra en un fitxer d&#8217;activitat del servidor degudament inscrit que permet el processament posterior de les dades per obtenir mesuraments \u00fanicament estad\u00edstiques que permetin con\u00e8ixer el nombre d&#8217;impressions de p\u00e0gines, el nombre de visites realitzades als servidors web, l&#8217;ordre de visites, el punt d&#8217;acc\u00e9s, etc.  <\/p>\t\t\t\t\t\t\t\t<\/div>\n\t\t\t\t<\/div>\n\t\t<div class=\"elementor-element elementor-element-d663149 e-con-full e-flex e-con e-child\" data-id=\"d663149\" data-element_type=\"container\" data-e-type=\"container\">\n\t\t\t\t<div class=\"elementor-element elementor-element-aea1830 elementor-widget elementor-widget-heading\" data-id=\"aea1830\" data-element_type=\"widget\" data-e-type=\"widget\" data-widget_type=\"heading.default\">\n\t\t\t\t\t<h2 class=\"elementor-heading-title elementor-size-default\">4. LLEI APLICABLE I JURISDICCI\u00d3<\/h2>\t\t\t\t<\/div>\n\t\t\t\t<div class=\"elementor-element elementor-element-e8ae5d2 elementor-widget elementor-widget-text-editor\" data-id=\"e8ae5d2\" data-element_type=\"widget\" data-e-type=\"widget\" data-widget_type=\"text-editor.default\">\n\t\t\t\t\t\t\t\t\t<p>Per a la resoluci\u00f3 de totes les controv\u00e8rsies o q\u00fcestions relacionades amb aquest lloc web o de les activitats que s&#8217;hi desenvolupin, ser\u00e0 aplicable la legislaci\u00f3 espanyola, a la qual se sotmeten expressament les parts, sent competents per a la resoluci\u00f3 de tots els conflictes derivats o relacionats amb el seu \u00fas a la jurisdicci\u00f3 i compet\u00e8ncia dels jutjats i tribunals de Barcelona.<\/p>\t\t\t\t\t\t\t\t<\/div>\n\t\t\t\t<\/div>\n\t\t\t\t<\/div>\n\t\t\t\t<\/div>\n\t\t\t\t\t<\/div>\n\t\t\t\t<\/div>\n\t\t\t\t<\/div>\n\t\t","protected":false},"excerpt":{"rendered":"<p>Av\u00eds legal LLEI DELS SERVEIS DE LA SOCIETAT DE LA INFORMACI\u00d3 (LSSI) ITBID TECHNOLOGIES 2002, SL, responsable del lloc web, d&#8217;ara endavant RESPONSABLE, posa a disposici\u00f3 dels usuaris aquest document, amb el qual pret\u00e9n donar compliment a les obligacions d&#8217;informaci\u00f3 disposades a l&#8217;art. 10 i seg. de la Llei 34\/2002, d&#8217;11 de juliol, de serveis [&hellip;]<\/p>\n","protected":false},"author":2,"featured_media":0,"parent":0,"menu_order":0,"comment_status":"closed","ping_status":"closed","template":"","meta":{"_acf_changed":false,"content-type":"","footnotes":""},"class_list":["post-36045","page","type-page","status-publish","hentry"],"acf":[],"_links":{"self":[{"href":"https:\/\/itbid.com\/ca\/wp-json\/wp\/v2\/pages\/36045","targetHints":{"allow":["GET"]}}],"collection":[{"href":"https:\/\/itbid.com\/ca\/wp-json\/wp\/v2\/pages"}],"about":[{"href":"https:\/\/itbid.com\/ca\/wp-json\/wp\/v2\/types\/page"}],"author":[{"embeddable":true,"href":"https:\/\/itbid.com\/ca\/wp-json\/wp\/v2\/users\/2"}],"replies":[{"embeddable":true,"href":"https:\/\/itbid.com\/ca\/wp-json\/wp\/v2\/comments?post=36045"}],"version-history":[{"count":1,"href":"https:\/\/itbid.com\/ca\/wp-json\/wp\/v2\/pages\/36045\/revisions"}],"predecessor-version":[{"id":36048,"href":"https:\/\/itbid.com\/ca\/wp-json\/wp\/v2\/pages\/36045\/revisions\/36048"}],"wp:attachment":[{"href":"https:\/\/itbid.com\/ca\/wp-json\/wp\/v2\/media?parent=36045"}],"curies":[{"name":"wp","href":"https:\/\/api.w.org\/{rel}","templated":true}]}}