{"id":36026,"date":"2025-07-28T12:58:03","date_gmt":"2025-07-28T12:58:03","guid":{"rendered":"https:\/\/itbid.com\/partners\/"},"modified":"2026-03-18T09:34:37","modified_gmt":"2026-03-18T09:34:37","slug":"partners","status":"publish","type":"page","link":"https:\/\/itbid.com\/ca\/partners\/","title":{"rendered":"Partners"},"content":{"rendered":"\t\t<div data-elementor-type=\"wp-page\" data-elementor-id=\"36026\" class=\"elementor elementor-36026 elementor-979\" data-elementor-post-type=\"page\">\n\t\t\t\t<div class=\"elementor-element elementor-element-b61a519 e-flex e-con-boxed e-con e-parent\" data-id=\"b61a519\" data-element_type=\"container\" data-e-type=\"container\" data-settings=\"{&quot;background_background&quot;:&quot;classic&quot;}\">\n\t\t\t\t\t<div class=\"e-con-inner\">\n\t\t<div class=\"elementor-element elementor-element-741ee64 e-con-full e-flex e-con e-child\" data-id=\"741ee64\" data-element_type=\"container\" data-e-type=\"container\">\n\t\t<div class=\"elementor-element elementor-element-cc33441 e-con-full elementor-hidden-tablet elementor-hidden-mobile e-flex e-con e-child\" data-id=\"cc33441\" data-element_type=\"container\" data-e-type=\"container\">\n\t\t\t\t<div class=\"elementor-element elementor-element-400b59f elementor-widget elementor-widget-image\" data-id=\"400b59f\" data-element_type=\"widget\" data-e-type=\"widget\" data-widget_type=\"image.default\">\n\t\t\t\t\t\t\t\t\t\t\t\t\t\t\t<img fetchpriority=\"high\" decoding=\"async\" width=\"400\" height=\"404\" src=\"https:\/\/itbid.com\/wp-content\/uploads\/2025\/07\/Isologo-400x404-1.png\" class=\"attachment-large size-large wp-image-35753\" alt=\"\" srcset=\"https:\/\/itbid.com\/wp-content\/uploads\/2025\/07\/Isologo-400x404-1.png 400w, https:\/\/itbid.com\/wp-content\/uploads\/2025\/07\/Isologo-400x404-1-297x300.png 297w\" sizes=\"(max-width: 400px) 100vw, 400px\" \/>\t\t\t\t\t\t\t\t\t\t\t\t\t\t\t<\/div>\n\t\t\t\t<\/div>\n\t\t<div class=\"elementor-element elementor-element-49027d8 e-con-full e-flex e-con e-child\" data-id=\"49027d8\" data-element_type=\"container\" data-e-type=\"container\">\n\t\t\t\t<div class=\"elementor-element elementor-element-cb32158 elementor-widget elementor-widget-heading\" data-id=\"cb32158\" data-element_type=\"widget\" data-e-type=\"widget\" data-widget_type=\"heading.default\">\n\t\t\t\t\t<h2 class=\"elementor-heading-title elementor-size-default\"> <b>La col\u00b7laboraci\u00f3<\/b> ens fa arribar m\u00e9s lluny<\/h2>\t\t\t\t<\/div>\n\t\t\t\t<div class=\"elementor-element elementor-element-522f31a elementor-widget elementor-widget-text-editor\" data-id=\"522f31a\" data-element_type=\"widget\" data-e-type=\"widget\" data-widget_type=\"text-editor.default\">\n\t\t\t\t\t\t\t\t\t<p>\u00c9s un dels nostres valors principals.<\/p><p>Fa poc, en un rol play d&#8217;equip, ens va confirmar que, no nom\u00e9s \u00e9s una cosa que volem promoure, sin\u00f3 que ja la tenim dins d&#8217;itbid.<\/p><p>I de quina manera?<\/p>\t\t\t\t\t\t\t\t<\/div>\n\t\t\t\t<\/div>\n\t\t<div class=\"elementor-element elementor-element-e4e18cf e-con-full e-flex e-con e-child\" data-id=\"e4e18cf\" data-element_type=\"container\" data-e-type=\"container\">\n\t\t\t\t<div class=\"elementor-element elementor-element-aa912a3 elementor-hidden-desktop elementor-hidden-laptop elementor-widget elementor-widget-image\" data-id=\"aa912a3\" data-element_type=\"widget\" data-e-type=\"widget\" data-widget_type=\"image.default\">\n\t\t\t\t\t\t\t\t\t\t\t\t\t\t\t<img decoding=\"async\" width=\"800\" height=\"600\" src=\"https:\/\/itbid.com\/wp-content\/uploads\/2025\/07\/eQUIPO.webp\" class=\"attachment-large size-large wp-image-36027\" alt=\"\" srcset=\"https:\/\/itbid.com\/wp-content\/uploads\/2025\/07\/eQUIPO.webp 800w, https:\/\/itbid.com\/wp-content\/uploads\/2025\/07\/eQUIPO-300x225.webp 300w, https:\/\/itbid.com\/wp-content\/uploads\/2025\/07\/eQUIPO-768x576.webp 768w\" sizes=\"(max-width: 800px) 100vw, 800px\" \/>\t\t\t\t\t\t\t\t\t\t\t\t\t\t\t<\/div>\n\t\t\t\t<\/div>\n\t\t\t\t<\/div>\n\t\t\t\t\t<\/div>\n\t\t\t\t<\/div>\n\t\t<div class=\"elementor-element elementor-element-50ad514 e-flex e-con-boxed e-con e-parent\" data-id=\"50ad514\" data-element_type=\"container\" data-e-type=\"container\">\n\t\t\t\t\t<div class=\"e-con-inner\">\n\t\t<div class=\"elementor-element elementor-element-7209ca2 e-con-full e-flex e-con e-child\" data-id=\"7209ca2\" data-element_type=\"container\" data-e-type=\"container\">\n\t\t<div class=\"elementor-element elementor-element-c4dfe7c e-con-full e-flex e-con e-child\" data-id=\"c4dfe7c\" data-element_type=\"container\" data-e-type=\"container\">\n\t\t\t\t<div class=\"elementor-element elementor-element-f6565e8 elementor-widget elementor-widget-heading\" data-id=\"f6565e8\" data-element_type=\"widget\" data-e-type=\"widget\" data-widget_type=\"heading.default\">\n\t\t\t\t\t<h2 class=\"elementor-heading-title elementor-size-default\">En un <b>96% de les respostes,<\/b> a <b>tots els departaments<\/b> , tenim <b>trets i accions provades de col\u00b7laboraci\u00f3.<\/b><\/h2>\t\t\t\t<\/div>\n\t\t\t\t<div class=\"elementor-element elementor-element-dd1cb2d elementor-widget-divider--view-line elementor-widget elementor-widget-divider\" data-id=\"dd1cb2d\" data-element_type=\"widget\" data-e-type=\"widget\" data-widget_type=\"divider.default\">\n\t\t\t\t\t\t\t<div class=\"elementor-divider\">\n\t\t\t<span class=\"elementor-divider-separator\">\n\t\t\t\t\t\t<\/span>\n\t\t<\/div>\n\t\t\t\t\t\t<\/div>\n\t\t\t\t<div class=\"elementor-element elementor-element-87146b1 elementor-widget elementor-widget-text-editor\" data-id=\"87146b1\" data-element_type=\"widget\" data-e-type=\"widget\" data-widget_type=\"text-editor.default\">\n\t\t\t\t\t\t\t\t\t<p>I aix\u00f2 ho estenem a la nostra predisposici\u00f3 a crear col\u00b7laboracions, associacions amb professionals del nostre i d&#8217;altres sectors o donar suport a esdeveniments relacionats amb la nostra expertesa o valors.<\/p><p>Tamb\u00e9 oferim la possibilitat de ser partners d&#8217;itbid a empreses amb valors afins, i amb el vincle del qual creem sinergies molt beneficioses, primer per als nostres clients, i despr\u00e9s per als nostres negocis.<\/p>\t\t\t\t\t\t\t\t<\/div>\n\t\t\t\t<\/div>\n\t\t<div class=\"elementor-element elementor-element-bdbe631 e-con-full e-flex e-con e-child\" data-id=\"bdbe631\" data-element_type=\"container\" data-e-type=\"container\">\n\t\t<div class=\"elementor-element elementor-element-55ffee3 e-con-full e-flex e-con e-child\" data-id=\"55ffee3\" data-element_type=\"container\" data-e-type=\"container\">\n\t\t\t\t<div class=\"elementor-element elementor-element-e13cb6d elementor-widget elementor-widget-image\" data-id=\"e13cb6d\" data-element_type=\"widget\" data-e-type=\"widget\" data-widget_type=\"image.default\">\n\t\t\t\t\t\t\t\t\t\t\t\t\t\t\t<img decoding=\"async\" width=\"800\" height=\"800\" src=\"https:\/\/itbid.com\/wp-content\/uploads\/2025\/07\/9.1.webp\" class=\"attachment-large size-large wp-image-36028\" alt=\"\" srcset=\"https:\/\/itbid.com\/wp-content\/uploads\/2025\/07\/9.1.webp 900w, https:\/\/itbid.com\/wp-content\/uploads\/2025\/07\/9.1-300x300.webp 300w, https:\/\/itbid.com\/wp-content\/uploads\/2025\/07\/9.1-150x150.webp 150w, https:\/\/itbid.com\/wp-content\/uploads\/2025\/07\/9.1-768x768.webp 768w\" sizes=\"(max-width: 800px) 100vw, 800px\" \/>\t\t\t\t\t\t\t\t\t\t\t\t\t\t\t<\/div>\n\t\t\t\t<\/div>\n\t\t<div class=\"elementor-element elementor-element-242f4fe e-con-full e-flex e-con e-child\" data-id=\"242f4fe\" data-element_type=\"container\" data-e-type=\"container\">\n\t\t\t\t<div class=\"elementor-element elementor-element-4f225d4 elementor-widget elementor-widget-heading\" data-id=\"4f225d4\" data-element_type=\"widget\" data-e-type=\"widget\" data-widget_type=\"heading.default\">\n\t\t\t\t\t<h2 class=\"elementor-heading-title elementor-size-default\"><b>Cl\u00faster Digital\n<\/b><\/h2>\t\t\t\t<\/div>\n\t\t\t\t<div class=\"elementor-element elementor-element-a960d39 elementor-widget elementor-widget-text-editor\" data-id=\"a960d39\" data-element_type=\"widget\" data-e-type=\"widget\" data-widget_type=\"text-editor.default\">\n\t\t\t\t\t\t\t\t\t<p>\u00c9s important que coneguis que els nostres valors s\u00f3n:<\/p><ul><li>La col\u00b7laboraci\u00f3 per arribar m\u00e9s lluny.<\/li><li>La confian\u00e7a en les nostres capacitats.<\/li><li>Un esperit d\u00b4inconformisme que impulsa a superar-nos.<\/li><li>L&#8217;agilitat per adaptar-nos r\u00e0pidament als canvis.<\/li><\/ul><p>Si et sents identificat, completa el <strong>seg\u00fcent formulari<\/strong> per con\u00e8ixer-nos i veure possibilitats de treballar plegats.<\/p>\t\t\t\t\t\t\t\t<\/div>\n\t\t\t\t<\/div>\n\t\t\t\t<\/div>\n\t\t<div class=\"elementor-element elementor-element-c418d9b e-con-full e-flex e-con e-child\" data-id=\"c418d9b\" data-element_type=\"container\" data-e-type=\"container\">\n\t\t<div class=\"elementor-element elementor-element-39964c5 e-con-full e-flex e-con e-child\" data-id=\"39964c5\" data-element_type=\"container\" data-e-type=\"container\" data-settings=\"{&quot;background_background&quot;:&quot;classic&quot;}\">\n\t\t\t\t<div class=\"elementor-element elementor-element-6f6c148 elementor-widget elementor-widget-heading\" data-id=\"6f6c148\" data-element_type=\"widget\" data-e-type=\"widget\" data-widget_type=\"heading.default\">\n\t\t\t\t\t<h2 class=\"elementor-heading-title elementor-size-default\"><b>PTIC\n<\/b><\/h2>\t\t\t\t<\/div>\n\t\t\t\t<div class=\"elementor-element elementor-element-1605488 elementor-widget elementor-widget-text-editor\" data-id=\"1605488\" data-element_type=\"widget\" data-e-type=\"widget\" data-widget_type=\"text-editor.default\">\n\t\t\t\t\t\t\t\t\t<p>Som un dels 3 socis fundadors del primer Cl\u00faster Digital d&#8217;Innovaci\u00f3 ProcureTech, conegut com a PTIC.<\/p><p>El seu objectiu \u00e9s establir sinergies i canalitzar esfor\u00e7os entre organitzacions i professionals del sector de compres, impulsant-ne la professionalitzaci\u00f3 a trav\u00e9s de la innovaci\u00f3 tecnol\u00f2gica.<\/p>\t\t\t\t\t\t\t\t<\/div>\n\t\t\t\t<\/div>\n\t\t<div class=\"elementor-element elementor-element-047e5fe e-con-full e-flex e-con e-child\" data-id=\"047e5fe\" data-element_type=\"container\" data-e-type=\"container\">\n\t\t\t\t<div class=\"elementor-element elementor-element-15521fa elementor-widget elementor-widget-image\" data-id=\"15521fa\" data-element_type=\"widget\" data-e-type=\"widget\" data-widget_type=\"image.default\">\n\t\t\t\t\t\t\t\t\t\t\t\t\t\t\t<img loading=\"lazy\" decoding=\"async\" width=\"800\" height=\"800\" src=\"https:\/\/itbid.com\/wp-content\/uploads\/2025\/07\/9.2.webp\" class=\"attachment-large size-large wp-image-36029\" alt=\"\" srcset=\"https:\/\/itbid.com\/wp-content\/uploads\/2025\/07\/9.2.webp 900w, https:\/\/itbid.com\/wp-content\/uploads\/2025\/07\/9.2-300x300.webp 300w, https:\/\/itbid.com\/wp-content\/uploads\/2025\/07\/9.2-150x150.webp 150w, https:\/\/itbid.com\/wp-content\/uploads\/2025\/07\/9.2-768x768.webp 768w\" sizes=\"(max-width: 800px) 100vw, 800px\" \/>\t\t\t\t\t\t\t\t\t\t\t\t\t\t\t<\/div>\n\t\t\t\t<\/div>\n\t\t\t\t<\/div>\n\t\t<div class=\"elementor-element elementor-element-b83bde2 e-con-full e-flex e-con e-child\" data-id=\"b83bde2\" data-element_type=\"container\" data-e-type=\"container\">\n\t\t<div class=\"elementor-element elementor-element-cb8687f e-con-full e-flex e-con e-child\" data-id=\"cb8687f\" data-element_type=\"container\" data-e-type=\"container\">\n\t\t\t\t<div class=\"elementor-element elementor-element-36ad390 elementor-widget elementor-widget-image\" data-id=\"36ad390\" data-element_type=\"widget\" data-e-type=\"widget\" data-widget_type=\"image.default\">\n\t\t\t\t\t\t\t\t\t\t\t\t\t\t\t<img loading=\"lazy\" decoding=\"async\" width=\"800\" height=\"800\" src=\"https:\/\/itbid.com\/wp-content\/uploads\/2025\/07\/9.3.webp\" class=\"attachment-large size-large wp-image-36030\" alt=\"\" srcset=\"https:\/\/itbid.com\/wp-content\/uploads\/2025\/07\/9.3.webp 900w, https:\/\/itbid.com\/wp-content\/uploads\/2025\/07\/9.3-300x300.webp 300w, https:\/\/itbid.com\/wp-content\/uploads\/2025\/07\/9.3-150x150.webp 150w, https:\/\/itbid.com\/wp-content\/uploads\/2025\/07\/9.3-768x768.webp 768w\" sizes=\"(max-width: 800px) 100vw, 800px\" \/>\t\t\t\t\t\t\t\t\t\t\t\t\t\t\t<\/div>\n\t\t\t\t<\/div>\n\t\t<div class=\"elementor-element elementor-element-d5ce0a5 e-con-full e-flex e-con e-child\" data-id=\"d5ce0a5\" data-element_type=\"container\" data-e-type=\"container\">\n\t\t\t\t<div class=\"elementor-element elementor-element-fbf3ac3 elementor-widget elementor-widget-heading\" data-id=\"fbf3ac3\" data-element_type=\"widget\" data-e-type=\"widget\" data-widget_type=\"heading.default\">\n\t\t\t\t\t<h2 class=\"elementor-heading-title elementor-size-default\"><b>IQS Institut de Sarri\u00e0\n<\/b><\/h2>\t\t\t\t<\/div>\n\t\t\t\t<div class=\"elementor-element elementor-element-3bb2302 elementor-widget elementor-widget-text-editor\" data-id=\"3bb2302\" data-element_type=\"widget\" data-e-type=\"widget\" data-widget_type=\"text-editor.default\">\n\t\t\t\t\t\t\t\t\t<p>L\u00b4Institut Qu\u00edmic de Sarri\u00e0 (IQS) \u00e9s un centre de formaci\u00f3 universit\u00e0ria, que destaca en estudis i m\u00e0sters de qu\u00edmica, enginyeria i empresa.<\/p><p>A itbid col\u00b7laborem amb IQS aportant sinergies a trav\u00e9s de la nostra plataforma per a l&#8217;ensenyament de metodologia de processos de compres.<\/p><p>Descobreix-ne m\u00e9s detalls en <strong><a href=\"https:\/\/itbid.com\/blog\/iqs-executive-education-e-itbid-alianza-estrategica\/\" target=\"_blank\" rel=\"noopener\">aquest article.<\/a><\/strong> <\/p>\t\t\t\t\t\t\t\t<\/div>\n\t\t\t\t<\/div>\n\t\t\t\t<\/div>\n\t\t<div class=\"elementor-element elementor-element-23ff268 e-con-full e-flex e-con e-child\" data-id=\"23ff268\" data-element_type=\"container\" data-e-type=\"container\">\n\t\t<div class=\"elementor-element elementor-element-2ad2996 e-con-full e-flex e-con e-child\" data-id=\"2ad2996\" data-element_type=\"container\" data-e-type=\"container\" data-settings=\"{&quot;background_background&quot;:&quot;classic&quot;}\">\n\t\t\t\t<div class=\"elementor-element elementor-element-2f5e644 elementor-widget elementor-widget-heading\" data-id=\"2f5e644\" data-element_type=\"widget\" data-e-type=\"widget\" data-widget_type=\"heading.default\">\n\t\t\t\t\t<h2 class=\"elementor-heading-title elementor-size-default\"><b>AERCE\n<\/b><\/h2>\t\t\t\t<\/div>\n\t\t\t\t<div class=\"elementor-element elementor-element-86948d0 elementor-widget elementor-widget-text-editor\" data-id=\"86948d0\" data-element_type=\"widget\" data-e-type=\"widget\" data-widget_type=\"text-editor.default\">\n\t\t\t\t\t\t\t\t\t<p>\u00c9s una associaci\u00f3 professional que impulsa la gesti\u00f3 de compres i la productivitat de les empreses fa m\u00e9s de 40 anys a Espanya.<\/p><p>Des de itbid participem en esdeveniments organitzats per AERCE per transmetre coneixement i experi\u00e8ncia que contribueixen a desenvolupar la funci\u00f3 de compres i empreses del sector.<\/p><p>Pots veure els darrers esdeveniments en aquest enlla\u00e7: <a href=\"https:\/\/aerce.org\/eventos-y-networking\/\" target=\"_blank\" rel=\"noopener\"><strong>\u00e9s aqu\u00ed.<\/strong><\/a><\/p>\t\t\t\t\t\t\t\t<\/div>\n\t\t\t\t<\/div>\n\t\t<div class=\"elementor-element elementor-element-93bde27 e-con-full e-flex e-con e-child\" data-id=\"93bde27\" data-element_type=\"container\" data-e-type=\"container\">\n\t\t\t\t<div class=\"elementor-element elementor-element-0fb3c43 elementor-widget elementor-widget-image\" data-id=\"0fb3c43\" data-element_type=\"widget\" data-e-type=\"widget\" data-widget_type=\"image.default\">\n\t\t\t\t\t\t\t\t\t\t\t\t\t\t\t<img loading=\"lazy\" decoding=\"async\" width=\"800\" height=\"800\" src=\"https:\/\/itbid.com\/wp-content\/uploads\/2025\/07\/9.4.webp\" class=\"attachment-large size-large wp-image-36031\" alt=\"\" srcset=\"https:\/\/itbid.com\/wp-content\/uploads\/2025\/07\/9.4.webp 900w, https:\/\/itbid.com\/wp-content\/uploads\/2025\/07\/9.4-300x300.webp 300w, https:\/\/itbid.com\/wp-content\/uploads\/2025\/07\/9.4-150x150.webp 150w, https:\/\/itbid.com\/wp-content\/uploads\/2025\/07\/9.4-768x768.webp 768w\" sizes=\"(max-width: 800px) 100vw, 800px\" \/>\t\t\t\t\t\t\t\t\t\t\t\t\t\t\t<\/div>\n\t\t\t\t<\/div>\n\t\t\t\t<\/div>\n\t\t<div class=\"elementor-element elementor-element-a106fb7 e-con-full e-flex e-con e-child\" data-id=\"a106fb7\" data-element_type=\"container\" data-e-type=\"container\">\n\t\t<div class=\"elementor-element elementor-element-b5cf560 e-con-full e-flex e-con e-child\" data-id=\"b5cf560\" data-element_type=\"container\" data-e-type=\"container\">\n\t\t\t\t<div class=\"elementor-element elementor-element-079b2e2 elementor-widget elementor-widget-image\" data-id=\"079b2e2\" data-element_type=\"widget\" data-e-type=\"widget\" data-widget_type=\"image.default\">\n\t\t\t\t\t\t\t\t\t\t\t\t\t\t\t<img loading=\"lazy\" decoding=\"async\" width=\"800\" height=\"800\" src=\"https:\/\/itbid.com\/wp-content\/uploads\/2025\/07\/9.5.webp\" class=\"attachment-large size-large wp-image-36032\" alt=\"\" srcset=\"https:\/\/itbid.com\/wp-content\/uploads\/2025\/07\/9.5.webp 900w, https:\/\/itbid.com\/wp-content\/uploads\/2025\/07\/9.5-300x300.webp 300w, https:\/\/itbid.com\/wp-content\/uploads\/2025\/07\/9.5-150x150.webp 150w, https:\/\/itbid.com\/wp-content\/uploads\/2025\/07\/9.5-768x768.webp 768w\" sizes=\"(max-width: 800px) 100vw, 800px\" \/>\t\t\t\t\t\t\t\t\t\t\t\t\t\t\t<\/div>\n\t\t\t\t<\/div>\n\t\t<div class=\"elementor-element elementor-element-6e821db e-con-full e-flex e-con e-child\" data-id=\"6e821db\" data-element_type=\"container\" data-e-type=\"container\">\n\t\t\t\t<div class=\"elementor-element elementor-element-e616f31 elementor-widget elementor-widget-heading\" data-id=\"e616f31\" data-element_type=\"widget\" data-e-type=\"widget\" data-widget_type=\"heading.default\">\n\t\t\t\t\t<h2 class=\"elementor-heading-title elementor-size-default\"><b>CPOnet\n<\/b><\/h2>\t\t\t\t<\/div>\n\t\t\t\t<div class=\"elementor-element elementor-element-0a52c90 elementor-widget elementor-widget-text-editor\" data-id=\"0a52c90\" data-element_type=\"widget\" data-e-type=\"widget\" data-widget_type=\"text-editor.default\">\n\t\t\t\t\t\t\t\t\t<p>Associaci\u00f3 fundada per un grup d&#8217;empreses per tal de crear valor i potenciar la productivitat del sector de compres.<\/p><p>I des d&#8217;itbid no podem deixar de patrocinar aquest tipus d&#8217;esdeveniments per facilitar l&#8217;intercanvi de coneixement i compartir la nostra visi\u00f3, metodologia i eina a l&#8217;\u00e0rea de compres.<\/p><p>Tota la informaci\u00f3 <a href=\"https:\/\/grupocponet.com\/eventos\/\" target=\"_blank\" rel=\"noopener\"><strong>aqu\u00ed<\/strong><\/a> .<\/p>\t\t\t\t\t\t\t\t<\/div>\n\t\t\t\t<\/div>\n\t\t\t\t<\/div>\n\t\t<div class=\"elementor-element elementor-element-ed78e2a e-con-full e-flex e-con e-child\" data-id=\"ed78e2a\" data-element_type=\"container\" data-e-type=\"container\">\n\t\t\t\t<div class=\"elementor-element elementor-element-929b434 elementor-widget elementor-widget-heading\" data-id=\"929b434\" data-element_type=\"widget\" data-e-type=\"widget\" data-widget_type=\"heading.default\">\n\t\t\t\t\t<h2 class=\"elementor-heading-title elementor-size-default\">No ho dubtis contacta amb nosaltres<\/h2>\t\t\t\t<\/div>\n\t\t\t\t<div class=\"elementor-element elementor-element-bd8a995 elementor-align-center elementor-widget elementor-widget-button\" data-id=\"bd8a995\" data-element_type=\"widget\" data-e-type=\"widget\" data-widget_type=\"button.default\">\n\t\t\t\t\t\t\t\t\t\t<a class=\"elementor-button elementor-button-link elementor-size-sm\" href=\"https:\/\/itbid.com\/ca\/contacte\/\">\n\t\t\t\t\t\t<span class=\"elementor-button-content-wrapper\">\n\t\t\t\t\t\t\t\t\t<span class=\"elementor-button-text\">OBERTS A COL\u00b7LABORAR<\/span>\n\t\t\t\t\t<\/span>\n\t\t\t\t\t<\/a>\n\t\t\t\t\t\t\t\t<\/div>\n\t\t\t\t<\/div>\n\t\t\t\t<\/div>\n\t\t\t\t\t<\/div>\n\t\t\t\t<\/div>\n\t\t<div class=\"elementor-element elementor-element-e400a8b e-flex e-con-boxed e-con e-parent\" data-id=\"e400a8b\" data-element_type=\"container\" data-e-type=\"container\" data-settings=\"{&quot;background_background&quot;:&quot;classic&quot;}\">\n\t\t\t\t\t<div class=\"e-con-inner\">\n\t\t<div class=\"elementor-element elementor-element-0dbacb0 e-con-full e-flex e-con e-child\" data-id=\"0dbacb0\" data-element_type=\"container\" data-e-type=\"container\">\n\t\t<div class=\"elementor-element elementor-element-06b667d e-con-full e-flex e-con e-child\" data-id=\"06b667d\" data-element_type=\"container\" data-e-type=\"container\">\n\t\t\t\t<div class=\"elementor-element elementor-element-44d7d69 elementor-widget elementor-widget-heading\" data-id=\"44d7d69\" data-element_type=\"widget\" data-e-type=\"widget\" data-widget_type=\"heading.default\">\n\t\t\t\t\t<h2 class=\"elementor-heading-title elementor-size-default\">Subscriu-te a <b>la nostra newsletter<\/b>\n<\/h2>\t\t\t\t<\/div>\n\t\t\t\t<div class=\"elementor-element elementor-element-adf33dd elementor-widget elementor-widget-text-editor\" data-id=\"adf33dd\" data-element_type=\"widget\" data-e-type=\"widget\" data-widget_type=\"text-editor.default\">\n\t\t\t\t\t\t\t\t\t<div class=\"fusion-title title fusion-title-26 fusion-sep-none fusion-title-text fusion-title-size-two fusion-animated\" data-animationtype=\"fadeInLeft\" data-animationduration=\"0.3\" data-animationoffset=\"top-into-view\"><p class=\"fusion-title-heading title-heading-left fusion-responsive-typography-calculated\">No us perdeu les novetats en digitalitzaci\u00f3, esdeveniments i not\u00edcies relacionades amb l&#8217;\u00e0rea de compres.<\/p><\/div>\t\t\t\t\t\t\t\t<\/div>\n\t\t\t\t<div class=\"elementor-element elementor-element-8a5f127 elementor-widget elementor-widget-html\" data-id=\"8a5f127\" data-element_type=\"widget\" data-e-type=\"widget\" data-widget_type=\"html.default\">\n\t\t\t\t\t<script charset=\"utf-8\" type=\"text\/javascript\" src=\"\/\/js.hsforms.net\/forms\/embed\/v2.js\"><\/script>\r\n<script>\r\n  hbspt.forms.create({\r\n    portalId: \"6983818\",\r\n    formId: \"02c24bf2-9bcb-4e97-b0e7-5ad635dbd3d3\",\r\n    region: \"na1\"\r\n  });\r\n<\/script>\t\t\t\t<\/div>\n\t\t\t\t<\/div>\n\t\t\t\t<\/div>\n\t\t\t\t\t<\/div>\n\t\t\t\t<\/div>\n\t\t\t\t<\/div>\n\t\t","protected":false},"excerpt":{"rendered":"<p>La col\u00b7laboraci\u00f3 ens fa arribar m\u00e9s lluny<\/p>\n","protected":false},"author":2,"featured_media":0,"parent":0,"menu_order":0,"comment_status":"closed","ping_status":"closed","template":"","meta":{"_acf_changed":false,"content-type":"","footnotes":""},"class_list":["post-36026","page","type-page","status-publish","hentry"],"acf":[],"_links":{"self":[{"href":"https:\/\/itbid.com\/ca\/wp-json\/wp\/v2\/pages\/36026","targetHints":{"allow":["GET"]}}],"collection":[{"href":"https:\/\/itbid.com\/ca\/wp-json\/wp\/v2\/pages"}],"about":[{"href":"https:\/\/itbid.com\/ca\/wp-json\/wp\/v2\/types\/page"}],"author":[{"embeddable":true,"href":"https:\/\/itbid.com\/ca\/wp-json\/wp\/v2\/users\/2"}],"replies":[{"embeddable":true,"href":"https:\/\/itbid.com\/ca\/wp-json\/wp\/v2\/comments?post=36026"}],"version-history":[{"count":4,"href":"https:\/\/itbid.com\/ca\/wp-json\/wp\/v2\/pages\/36026\/revisions"}],"predecessor-version":[{"id":37123,"href":"https:\/\/itbid.com\/ca\/wp-json\/wp\/v2\/pages\/36026\/revisions\/37123"}],"wp:attachment":[{"href":"https:\/\/itbid.com\/ca\/wp-json\/wp\/v2\/media?parent=36026"}],"curies":[{"name":"wp","href":"https:\/\/api.w.org\/{rel}","templated":true}]}}