{"id":36005,"date":"2025-07-28T13:19:17","date_gmt":"2025-07-28T13:19:17","guid":{"rendered":"https:\/\/itbid.com\/certificacions-i-reconeixements\/"},"modified":"2026-03-18T09:35:31","modified_gmt":"2026-03-18T09:35:31","slug":"certificacions-i-reconeixements","status":"publish","type":"page","link":"https:\/\/itbid.com\/ca\/certificacions-i-reconeixements\/","title":{"rendered":"Certificacions i reconeixements"},"content":{"rendered":"\t\t<div data-elementor-type=\"wp-page\" data-elementor-id=\"36005\" class=\"elementor elementor-36005 elementor-1021\" data-elementor-post-type=\"page\">\n\t\t\t\t<div class=\"elementor-element elementor-element-2fff329 e-flex e-con-boxed e-con e-parent\" data-id=\"2fff329\" data-element_type=\"container\" data-e-type=\"container\" data-settings=\"{&quot;background_background&quot;:&quot;classic&quot;}\">\n\t\t\t\t\t<div class=\"e-con-inner\">\n\t\t<div class=\"elementor-element elementor-element-3b0f2fa e-con-full e-flex e-con e-child\" data-id=\"3b0f2fa\" data-element_type=\"container\" data-e-type=\"container\">\n\t\t<div class=\"elementor-element elementor-element-922fbd0 e-con-full elementor-hidden-tablet elementor-hidden-mobile e-flex e-con e-child\" data-id=\"922fbd0\" data-element_type=\"container\" data-e-type=\"container\">\n\t\t\t\t<div class=\"elementor-element elementor-element-7b9ad3a elementor-widget elementor-widget-image\" data-id=\"7b9ad3a\" data-element_type=\"widget\" data-e-type=\"widget\" data-widget_type=\"image.default\">\n\t\t\t\t\t\t\t\t\t\t\t\t\t\t\t<img fetchpriority=\"high\" decoding=\"async\" width=\"400\" height=\"404\" src=\"https:\/\/itbid.com\/wp-content\/uploads\/2025\/07\/Isologo-400x404-1.png\" class=\"attachment-large size-large wp-image-35753\" alt=\"\" srcset=\"https:\/\/itbid.com\/wp-content\/uploads\/2025\/07\/Isologo-400x404-1.png 400w, https:\/\/itbid.com\/wp-content\/uploads\/2025\/07\/Isologo-400x404-1-297x300.png 297w\" sizes=\"(max-width: 400px) 100vw, 400px\" \/>\t\t\t\t\t\t\t\t\t\t\t\t\t\t\t<\/div>\n\t\t\t\t<\/div>\n\t\t<div class=\"elementor-element elementor-element-8ba3e4c e-con-full e-flex e-con e-child\" data-id=\"8ba3e4c\" data-element_type=\"container\" data-e-type=\"container\">\n\t\t\t\t<div class=\"elementor-element elementor-element-7bb78f1 elementor-widget elementor-widget-heading\" data-id=\"7bb78f1\" data-element_type=\"widget\" data-e-type=\"widget\" data-widget_type=\"heading.default\">\n\t\t\t\t\t<h2 class=\"elementor-heading-title elementor-size-default\"><b>Certificacions<\/b> i <b>reconeixements<\/b><\/h2>\t\t\t\t<\/div>\n\t\t\t\t<div class=\"elementor-element elementor-element-68436d3 elementor-widget elementor-widget-text-editor\" data-id=\"68436d3\" data-element_type=\"widget\" data-e-type=\"widget\" data-widget_type=\"text-editor.default\">\n\t\t\t\t\t\t\t\t\t<p>Disposem de les certificacions ISO 27.001 de Seguretat de la Informaci\u00f3 i ISO 22.301 de continu\u00eftat del negoci, les quals renovem anualment. Ens assegurem de complir protocols segurs de tractament de dades i el seu cicle de vida. <\/p>\t\t\t\t\t\t\t\t<\/div>\n\t\t\t\t<\/div>\n\t\t<div class=\"elementor-element elementor-element-8665492 e-con-full e-flex e-con e-child\" data-id=\"8665492\" data-element_type=\"container\" data-e-type=\"container\">\n\t\t\t\t<div class=\"elementor-element elementor-element-c262ec5 elementor-hidden-desktop elementor-hidden-laptop elementor-widget elementor-widget-image\" data-id=\"c262ec5\" data-element_type=\"widget\" data-e-type=\"widget\" data-widget_type=\"image.default\">\n\t\t\t\t\t\t\t\t\t\t\t\t\t\t\t<img decoding=\"async\" width=\"800\" height=\"600\" src=\"https:\/\/itbid.com\/wp-content\/uploads\/2025\/07\/Certificaciones.webp\" class=\"attachment-large size-large wp-image-36006\" alt=\"\" srcset=\"https:\/\/itbid.com\/wp-content\/uploads\/2025\/07\/Certificaciones.webp 800w, https:\/\/itbid.com\/wp-content\/uploads\/2025\/07\/Certificaciones-300x225.webp 300w, https:\/\/itbid.com\/wp-content\/uploads\/2025\/07\/Certificaciones-768x576.webp 768w\" sizes=\"(max-width: 800px) 100vw, 800px\" \/>\t\t\t\t\t\t\t\t\t\t\t\t\t\t\t<\/div>\n\t\t\t\t<\/div>\n\t\t\t\t<\/div>\n\t\t\t\t\t<\/div>\n\t\t\t\t<\/div>\n\t\t<div class=\"elementor-element elementor-element-a64b3d9 e-flex e-con-boxed e-con e-parent\" data-id=\"a64b3d9\" data-element_type=\"container\" data-e-type=\"container\">\n\t\t\t\t\t<div class=\"e-con-inner\">\n\t\t<div class=\"elementor-element elementor-element-5ce4fec e-con-full e-flex e-con e-child\" data-id=\"5ce4fec\" data-element_type=\"container\" data-e-type=\"container\">\n\t\t<div class=\"elementor-element elementor-element-efbe122 e-con-full e-flex e-con e-child\" data-id=\"efbe122\" data-element_type=\"container\" data-e-type=\"container\">\n\t\t\t\t<div class=\"elementor-element elementor-element-ce1fceb elementor-widget elementor-widget-heading\" data-id=\"ce1fceb\" data-element_type=\"widget\" data-e-type=\"widget\" data-widget_type=\"heading.default\">\n\t\t\t\t\t<h2 class=\"elementor-heading-title elementor-size-default\">Reconeixements:<\/h2>\t\t\t\t<\/div>\n\t\t\t\t<\/div>\n\t\t\t\t<\/div>\n\t\t<div class=\"elementor-element elementor-element-4aed85f e-con-full e-grid e-con e-child\" data-id=\"4aed85f\" data-element_type=\"container\" data-e-type=\"container\">\n\t\t<div class=\"elementor-element elementor-element-dc5b080 e-con-full e-flex e-con e-child\" data-id=\"dc5b080\" data-element_type=\"container\" data-e-type=\"container\">\n\t\t\t\t<div class=\"elementor-element elementor-element-9ca4e1b elementor-widget elementor-widget-image\" data-id=\"9ca4e1b\" data-element_type=\"widget\" data-e-type=\"widget\" data-widget_type=\"image.default\">\n\t\t\t\t\t\t\t\t\t\t\t\t\t\t\t<img decoding=\"async\" width=\"326\" height=\"230\" src=\"https:\/\/itbid.com\/wp-content\/uploads\/2025\/07\/CDTI.webp\" class=\"attachment-large size-large wp-image-36007\" alt=\"\" srcset=\"https:\/\/itbid.com\/wp-content\/uploads\/2025\/07\/CDTI.webp 326w, https:\/\/itbid.com\/wp-content\/uploads\/2025\/07\/CDTI-300x212.webp 300w\" sizes=\"(max-width: 326px) 100vw, 326px\" \/>\t\t\t\t\t\t\t\t\t\t\t\t\t\t\t<\/div>\n\t\t<div class=\"elementor-element elementor-element-133f180 e-con-full e-flex e-con e-child\" data-id=\"133f180\" data-element_type=\"container\" data-e-type=\"container\" data-settings=\"{&quot;background_background&quot;:&quot;classic&quot;}\">\n\t\t\t\t<div class=\"elementor-element elementor-element-83a64fb elementor-widget elementor-widget-text-editor\" data-id=\"83a64fb\" data-element_type=\"widget\" data-e-type=\"widget\" data-widget_type=\"text-editor.default\">\n\t\t\t\t\t\t\t\t\t<p><strong>Aprovaci\u00f3 de projecte CDTI<\/strong><\/p><p>Sistema d&#8217;Assist\u00e8ncia Virtual per a la gesti\u00f3 de prove\u00efdors i processos de compra amb Intel\u00b7lig\u00e8ncia Artificial (AVI).<\/p>\t\t\t\t\t\t\t\t<\/div>\n\t\t\t\t<\/div>\n\t\t\t\t<\/div>\n\t\t<div class=\"elementor-element elementor-element-e701cf2 e-con-full e-flex e-con e-child\" data-id=\"e701cf2\" data-element_type=\"container\" data-e-type=\"container\">\n\t\t\t\t<div class=\"elementor-element elementor-element-8a9f645 elementor-widget elementor-widget-image\" data-id=\"8a9f645\" data-element_type=\"widget\" data-e-type=\"widget\" data-widget_type=\"image.default\">\n\t\t\t\t\t\t\t\t\t\t\t\t\t\t\t<img loading=\"lazy\" decoding=\"async\" width=\"400\" height=\"359\" src=\"https:\/\/itbid.com\/wp-content\/uploads\/2025\/07\/CA_Badge_BestValue_2023_FullColor-Positive-400x359-1.webp\" class=\"attachment-large size-large wp-image-36008\" alt=\"\" srcset=\"https:\/\/itbid.com\/wp-content\/uploads\/2025\/07\/CA_Badge_BestValue_2023_FullColor-Positive-400x359-1.webp 400w, https:\/\/itbid.com\/wp-content\/uploads\/2025\/07\/CA_Badge_BestValue_2023_FullColor-Positive-400x359-1-300x269.webp 300w\" sizes=\"(max-width: 400px) 100vw, 400px\" \/>\t\t\t\t\t\t\t\t\t\t\t\t\t\t\t<\/div>\n\t\t<div class=\"elementor-element elementor-element-ec0cb50 e-con-full e-flex e-con e-child\" data-id=\"ec0cb50\" data-element_type=\"container\" data-e-type=\"container\" data-settings=\"{&quot;background_background&quot;:&quot;classic&quot;}\">\n\t\t\t\t<div class=\"elementor-element elementor-element-a89f239 elementor-widget elementor-widget-text-editor\" data-id=\"a89f239\" data-element_type=\"widget\" data-e-type=\"widget\" data-widget_type=\"text-editor.default\">\n\t\t\t\t\t\t\t\t\t<p><strong>Best Value 2023, GetApp<\/strong><\/p><p>itbid guardonat amb la ins\u00edgnia \u201cBest Value\u201d per Capterra de Gartner Digital Markets.<\/p>\t\t\t\t\t\t\t\t<\/div>\n\t\t\t\t<\/div>\n\t\t\t\t<\/div>\n\t\t<div class=\"elementor-element elementor-element-709787a e-con-full e-flex e-con e-child\" data-id=\"709787a\" data-element_type=\"container\" data-e-type=\"container\">\n\t\t\t\t<div class=\"elementor-element elementor-element-d2eb755 elementor-widget elementor-widget-image\" data-id=\"d2eb755\" data-element_type=\"widget\" data-e-type=\"widget\" data-widget_type=\"image.default\">\n\t\t\t\t\t\t\t\t\t\t\t\t\t\t\t<img loading=\"lazy\" decoding=\"async\" width=\"600\" height=\"103\" src=\"https:\/\/itbid.com\/wp-content\/uploads\/2025\/07\/icex-600x103-1.webp\" class=\"attachment-large size-large wp-image-36009\" alt=\"\" srcset=\"https:\/\/itbid.com\/wp-content\/uploads\/2025\/07\/icex-600x103-1.webp 600w, https:\/\/itbid.com\/wp-content\/uploads\/2025\/07\/icex-600x103-1-300x52.webp 300w\" sizes=\"(max-width: 600px) 100vw, 600px\" \/>\t\t\t\t\t\t\t\t\t\t\t\t\t\t\t<\/div>\n\t\t<div class=\"elementor-element elementor-element-a217080 e-con-full e-flex e-con e-child\" data-id=\"a217080\" data-element_type=\"container\" data-e-type=\"container\" data-settings=\"{&quot;background_background&quot;:&quot;classic&quot;}\">\n\t\t\t\t<div class=\"elementor-element elementor-element-c2f5076 elementor-widget elementor-widget-text-editor\" data-id=\"c2f5076\" data-element_type=\"widget\" data-e-type=\"widget\" data-widget_type=\"text-editor.default\">\n\t\t\t\t\t\t\t\t\t<p><strong>ICEX Next (Institut de<\/strong><br> <strong>Comer\u00e7 Exterior)<\/strong><\/p><p>El 2021 ens van identificar com una empresa seleccionada.<\/p>\t\t\t\t\t\t\t\t<\/div>\n\t\t\t\t<\/div>\n\t\t\t\t<\/div>\n\t\t<div class=\"elementor-element elementor-element-3aba0c3 e-con-full e-flex e-con e-child\" data-id=\"3aba0c3\" data-element_type=\"container\" data-e-type=\"container\">\n\t\t\t\t<div class=\"elementor-element elementor-element-62205b7 elementor-widget elementor-widget-image\" data-id=\"62205b7\" data-element_type=\"widget\" data-e-type=\"widget\" data-widget_type=\"image.default\">\n\t\t\t\t\t\t\t\t\t\t\t\t\t\t\t<img loading=\"lazy\" decoding=\"async\" width=\"412\" height=\"99\" src=\"https:\/\/itbid.com\/wp-content\/uploads\/2025\/07\/davinci.webp\" class=\"attachment-large size-large wp-image-36010\" alt=\"\" srcset=\"https:\/\/itbid.com\/wp-content\/uploads\/2025\/07\/davinci.webp 412w, https:\/\/itbid.com\/wp-content\/uploads\/2025\/07\/davinci-300x72.webp 300w\" sizes=\"(max-width: 412px) 100vw, 412px\" \/>\t\t\t\t\t\t\t\t\t\t\t\t\t\t\t<\/div>\n\t\t<div class=\"elementor-element elementor-element-e3ac157 e-con-full e-flex e-con e-child\" data-id=\"e3ac157\" data-element_type=\"container\" data-e-type=\"container\" data-settings=\"{&quot;background_background&quot;:&quot;classic&quot;}\">\n\t\t\t\t<div class=\"elementor-element elementor-element-246bd94 elementor-widget elementor-widget-text-editor\" data-id=\"246bd94\" data-element_type=\"widget\" data-e-type=\"widget\" data-widget_type=\"text-editor.default\">\n\t\t\t\t\t\t\t\t\t<p><strong>Davinci Tecnologies de la<\/strong><br> <strong>Informaci\u00f3<\/strong><\/p><p>Certificat auditoria de seguretat per Cyber \u200b\u200b&amp; Cloud Security.<\/p>\t\t\t\t\t\t\t\t<\/div>\n\t\t\t\t<\/div>\n\t\t\t\t<\/div>\n\t\t\t\t<\/div>\n\t\t\t\t\t<\/div>\n\t\t\t\t<\/div>\n\t\t<div class=\"elementor-element elementor-element-3db5166 e-flex e-con-boxed e-con e-parent\" data-id=\"3db5166\" data-element_type=\"container\" data-e-type=\"container\" data-settings=\"{&quot;background_background&quot;:&quot;classic&quot;}\">\n\t\t\t\t\t<div class=\"e-con-inner\">\n\t\t<div class=\"elementor-element elementor-element-12c3427 e-con-full e-flex e-con e-child\" data-id=\"12c3427\" data-element_type=\"container\" data-e-type=\"container\">\n\t\t<div class=\"elementor-element elementor-element-cc0c19c e-con-full e-flex e-con e-child\" data-id=\"cc0c19c\" data-element_type=\"container\" data-e-type=\"container\">\n\t\t\t\t<div class=\"elementor-element elementor-element-e50a127 elementor-widget elementor-widget-heading\" data-id=\"e50a127\" data-element_type=\"widget\" data-e-type=\"widget\" data-widget_type=\"heading.default\">\n\t\t\t\t\t<h2 class=\"elementor-heading-title elementor-size-default\">Subscriu-te a <b>la nostra newsletter<\/b>\n<\/h2>\t\t\t\t<\/div>\n\t\t\t\t<div class=\"elementor-element elementor-element-90fee37 elementor-widget elementor-widget-text-editor\" data-id=\"90fee37\" data-element_type=\"widget\" data-e-type=\"widget\" data-widget_type=\"text-editor.default\">\n\t\t\t\t\t\t\t\t\t<div class=\"fusion-title title fusion-title-26 fusion-sep-none fusion-title-text fusion-title-size-two fusion-animated\" data-animationtype=\"fadeInLeft\" data-animationduration=\"0.3\" data-animationoffset=\"top-into-view\"><p class=\"fusion-title-heading title-heading-left fusion-responsive-typography-calculated\">No us perdeu les novetats en digitalitzaci\u00f3, esdeveniments i not\u00edcies relacionades amb l&#8217;\u00e0rea de compres.<\/p><\/div>\t\t\t\t\t\t\t\t<\/div>\n\t\t\t\t<div class=\"elementor-element elementor-element-dbc489e elementor-widget elementor-widget-html\" data-id=\"dbc489e\" data-element_type=\"widget\" data-e-type=\"widget\" data-widget_type=\"html.default\">\n\t\t\t\t\t<script charset=\"utf-8\" type=\"text\/javascript\" src=\"\/\/js.hsforms.net\/forms\/embed\/v2.js\"><\/script>\r\n<script>\r\n  hbspt.forms.create({\r\n    portalId: \"6983818\",\r\n    formId: \"02c24bf2-9bcb-4e97-b0e7-5ad635dbd3d3\",\r\n    region: \"na1\"\r\n  });\r\n<\/script>\t\t\t\t<\/div>\n\t\t\t\t<\/div>\n\t\t\t\t<\/div>\n\t\t\t\t\t<\/div>\n\t\t\t\t<\/div>\n\t\t\t\t<\/div>\n\t\t","protected":false},"excerpt":{"rendered":"<p>Certificacions i reconeixements Disposem de les certificacions ISO 27.001 de Seguretat de la Informaci\u00f3 i ISO 22.301 de continu\u00eftat del negoci, les quals renovem anualment. Ens assegurem de complir protocols segurs de tractament de dades i el seu cicle de vida. Reconeixements: Aprovaci\u00f3 de projecte CDTI Sistema d&#8217;Assist\u00e8ncia Virtual per a la gesti\u00f3 de prove\u00efdors [&hellip;]<\/p>\n","protected":false},"author":2,"featured_media":0,"parent":0,"menu_order":0,"comment_status":"closed","ping_status":"closed","template":"","meta":{"_acf_changed":false,"content-type":"","footnotes":""},"class_list":["post-36005","page","type-page","status-publish","hentry"],"acf":[],"_links":{"self":[{"href":"https:\/\/itbid.com\/ca\/wp-json\/wp\/v2\/pages\/36005","targetHints":{"allow":["GET"]}}],"collection":[{"href":"https:\/\/itbid.com\/ca\/wp-json\/wp\/v2\/pages"}],"about":[{"href":"https:\/\/itbid.com\/ca\/wp-json\/wp\/v2\/types\/page"}],"author":[{"embeddable":true,"href":"https:\/\/itbid.com\/ca\/wp-json\/wp\/v2\/users\/2"}],"replies":[{"embeddable":true,"href":"https:\/\/itbid.com\/ca\/wp-json\/wp\/v2\/comments?post=36005"}],"version-history":[{"count":4,"href":"https:\/\/itbid.com\/ca\/wp-json\/wp\/v2\/pages\/36005\/revisions"}],"predecessor-version":[{"id":37126,"href":"https:\/\/itbid.com\/ca\/wp-json\/wp\/v2\/pages\/36005\/revisions\/37126"}],"wp:attachment":[{"href":"https:\/\/itbid.com\/ca\/wp-json\/wp\/v2\/media?parent=36005"}],"curies":[{"name":"wp","href":"https:\/\/api.w.org\/{rel}","templated":true}]}}