{"id":35990,"date":"2025-07-28T21:04:18","date_gmt":"2025-07-28T21:04:18","guid":{"rendered":"https:\/\/itbid.com\/contingut-i-actualitat\/"},"modified":"2026-03-18T09:28:24","modified_gmt":"2026-03-18T09:28:24","slug":"contingut-i-actualitat","status":"publish","type":"page","link":"https:\/\/itbid.com\/ca\/contingut-i-actualitat\/","title":{"rendered":"Contingut i actualitat"},"content":{"rendered":"\t\t<div data-elementor-type=\"wp-page\" data-elementor-id=\"35990\" class=\"elementor elementor-35990 elementor-1044\" data-elementor-post-type=\"page\">\n\t\t\t\t<div class=\"elementor-element elementor-element-ed3d18b e-flex e-con-boxed e-con e-parent\" data-id=\"ed3d18b\" data-element_type=\"container\" data-e-type=\"container\" data-settings=\"{&quot;background_background&quot;:&quot;classic&quot;}\">\n\t\t\t\t\t<div class=\"e-con-inner\">\n\t\t<div class=\"elementor-element elementor-element-4c744a5 e-con-full e-flex e-con e-child\" data-id=\"4c744a5\" data-element_type=\"container\" data-e-type=\"container\">\n\t\t<div class=\"elementor-element elementor-element-e0e1148 e-con-full elementor-hidden-tablet elementor-hidden-mobile e-flex e-con e-child\" data-id=\"e0e1148\" data-element_type=\"container\" data-e-type=\"container\">\n\t\t\t\t<div class=\"elementor-element elementor-element-7f99c3a elementor-widget elementor-widget-image\" data-id=\"7f99c3a\" data-element_type=\"widget\" data-e-type=\"widget\" data-widget_type=\"image.default\">\n\t\t\t\t\t\t\t\t\t\t\t\t\t\t\t<img fetchpriority=\"high\" decoding=\"async\" width=\"400\" height=\"404\" src=\"https:\/\/itbid.com\/wp-content\/uploads\/2025\/07\/Isologo-400x404-1.png\" class=\"attachment-large size-large wp-image-35753\" alt=\"\" srcset=\"https:\/\/itbid.com\/wp-content\/uploads\/2025\/07\/Isologo-400x404-1.png 400w, https:\/\/itbid.com\/wp-content\/uploads\/2025\/07\/Isologo-400x404-1-297x300.png 297w\" sizes=\"(max-width: 400px) 100vw, 400px\" \/>\t\t\t\t\t\t\t\t\t\t\t\t\t\t\t<\/div>\n\t\t\t\t<\/div>\n\t\t<div class=\"elementor-element elementor-element-d1889c9 e-con-full e-flex e-con e-child\" data-id=\"d1889c9\" data-element_type=\"container\" data-e-type=\"container\">\n\t\t\t\t<div class=\"elementor-element elementor-element-0e7d554 elementor-widget elementor-widget-heading\" data-id=\"0e7d554\" data-element_type=\"widget\" data-e-type=\"widget\" data-widget_type=\"heading.default\">\n\t\t\t\t\t<h2 class=\"elementor-heading-title elementor-size-default\">Contingut i actualitat<\/h2>\t\t\t\t<\/div>\n\t\t\t\t<div class=\"elementor-element elementor-element-b93e9cc elementor-widget elementor-widget-text-editor\" data-id=\"b93e9cc\" data-element_type=\"widget\" data-e-type=\"widget\" data-widget_type=\"text-editor.default\">\n\t\t\t\t\t\t\t\t\t<p>La col\u00b7laboraci\u00f3 del nostre equip i el contacte directe amb clients, col\u00b7laboradors i partners \u00e9s fonamental al nostre dia a dia i aven\u00e7os. I volem continuar refor\u00e7ant aquesta part amb nous formats i canals amb novetats del sector, experi\u00e8ncies i coneixements. T&#8217;oferim continguts en un format divulgatiu per ajudar-te a trobar respostes, idees o fins i tot avisar-te de canvis legislatius.  <\/p>\t\t\t\t\t\t\t\t<\/div>\n\t\t\t\t<\/div>\n\t\t<div class=\"elementor-element elementor-element-f4e1268 e-con-full e-flex e-con e-child\" data-id=\"f4e1268\" data-element_type=\"container\" data-e-type=\"container\">\n\t\t\t\t<div class=\"elementor-element elementor-element-5b2d902 elementor-hidden-desktop elementor-hidden-laptop elementor-widget elementor-widget-image\" data-id=\"5b2d902\" data-element_type=\"widget\" data-e-type=\"widget\" data-widget_type=\"image.default\">\n\t\t\t\t\t\t\t\t\t\t\t\t\t\t\t<img decoding=\"async\" width=\"800\" height=\"600\" src=\"https:\/\/itbid.com\/wp-content\/uploads\/2025\/07\/Actualidad.webp\" class=\"attachment-large size-large wp-image-35991\" alt=\"\" srcset=\"https:\/\/itbid.com\/wp-content\/uploads\/2025\/07\/Actualidad.webp 800w, https:\/\/itbid.com\/wp-content\/uploads\/2025\/07\/Actualidad-300x225.webp 300w, https:\/\/itbid.com\/wp-content\/uploads\/2025\/07\/Actualidad-768x576.webp 768w\" sizes=\"(max-width: 800px) 100vw, 800px\" \/>\t\t\t\t\t\t\t\t\t\t\t\t\t\t\t<\/div>\n\t\t\t\t<\/div>\n\t\t\t\t<\/div>\n\t\t\t\t\t<\/div>\n\t\t\t\t<\/div>\n\t\t<div class=\"elementor-element elementor-element-af86c71 e-flex e-con-boxed e-con e-parent\" data-id=\"af86c71\" data-element_type=\"container\" data-e-type=\"container\" data-settings=\"{&quot;background_background&quot;:&quot;gradient&quot;}\">\n\t\t\t\t\t<div class=\"e-con-inner\">\n\t\t<div class=\"elementor-element elementor-element-7557ca5 e-con-full e-flex e-con e-child\" data-id=\"7557ca5\" data-element_type=\"container\" data-e-type=\"container\">\n\t\t<div class=\"elementor-element elementor-element-09d941a e-con-full e-flex e-con e-child\" data-id=\"09d941a\" data-element_type=\"container\" data-e-type=\"container\">\n\t\t\t\t<div class=\"elementor-element elementor-element-c9219f6 elementor-widget elementor-widget-heading\" data-id=\"c9219f6\" data-element_type=\"widget\" data-e-type=\"widget\" data-widget_type=\"heading.default\">\n\t\t\t\t\t<h2 class=\"elementor-heading-title elementor-size-default\">Passem a presentar-te els<b> 2 canals<\/b> :<\/h2>\t\t\t\t<\/div>\n\t\t\t\t<\/div>\n\t\t<div class=\"elementor-element elementor-element-7143168 e-con-full e-flex e-con e-child\" data-id=\"7143168\" data-element_type=\"container\" data-e-type=\"container\" data-settings=\"{&quot;background_background&quot;:&quot;classic&quot;}\">\n\t\t<div class=\"elementor-element elementor-element-e8c9f57 e-con-full e-flex e-con e-child\" data-id=\"e8c9f57\" data-element_type=\"container\" data-e-type=\"container\">\n\t\t\t\t<div class=\"elementor-element elementor-element-a72c2e6 elementor-widget elementor-widget-image\" data-id=\"a72c2e6\" data-element_type=\"widget\" data-e-type=\"widget\" data-widget_type=\"image.default\">\n\t\t\t\t\t\t\t\t\t\t\t\t\t\t\t<img decoding=\"async\" width=\"800\" height=\"523\" src=\"https:\/\/itbid.com\/wp-content\/uploads\/2025\/07\/Blog-1024x670.webp\" class=\"attachment-large size-large wp-image-35994\" alt=\"\" srcset=\"https:\/\/itbid.com\/wp-content\/uploads\/2025\/07\/Blog-1024x670.webp 1024w, https:\/\/itbid.com\/wp-content\/uploads\/2025\/07\/Blog-300x196.webp 300w, https:\/\/itbid.com\/wp-content\/uploads\/2025\/07\/Blog-768x503.webp 768w, https:\/\/itbid.com\/wp-content\/uploads\/2025\/07\/Blog.webp 1375w\" sizes=\"(max-width: 800px) 100vw, 800px\" \/>\t\t\t\t\t\t\t\t\t\t\t\t\t\t\t<\/div>\n\t\t\t\t<\/div>\n\t\t<div class=\"elementor-element elementor-element-cd83c7a e-con-full e-flex e-con e-child\" data-id=\"cd83c7a\" data-element_type=\"container\" data-e-type=\"container\">\n\t\t<div class=\"elementor-element elementor-element-da25ff8 e-con-full e-flex e-con e-child\" data-id=\"da25ff8\" data-element_type=\"container\" data-e-type=\"container\">\n\t\t\t\t<div class=\"elementor-element elementor-element-33d551b elementor-widget elementor-widget-text-editor\" data-id=\"33d551b\" data-element_type=\"widget\" data-e-type=\"widget\" data-widget_type=\"text-editor.default\">\n\t\t\t\t\t\t\t\t\t<p>En el nostre Blog compartirem articles, exemples de Best Practices i trucs que et permetin treure m\u00e9s profit a la teva digitalitzaci\u00f3.<\/p>\t\t\t\t\t\t\t\t<\/div>\n\t\t\t\t<div class=\"elementor-element elementor-element-eb81a49 elementor-align-left elementor-widget elementor-widget-button\" data-id=\"eb81a49\" data-element_type=\"widget\" data-e-type=\"widget\" data-widget_type=\"button.default\">\n\t\t\t\t\t\t\t\t\t\t<a class=\"elementor-button elementor-button-link elementor-size-sm\" href=\"https:\/\/itbid.com\/ca\/blog\/\">\n\t\t\t\t\t\t<span class=\"elementor-button-content-wrapper\">\n\t\t\t\t\t\t\t\t\t<span class=\"elementor-button-text\">PORTA'M AL BLOG<\/span>\n\t\t\t\t\t<\/span>\n\t\t\t\t\t<\/a>\n\t\t\t\t\t\t\t\t<\/div>\n\t\t\t\t<\/div>\n\t\t\t\t<\/div>\n\t\t\t\t<\/div>\n\t\t<div class=\"elementor-element elementor-element-3413a25 e-con-full e-flex e-con e-child\" data-id=\"3413a25\" data-element_type=\"container\" data-e-type=\"container\" data-settings=\"{&quot;background_background&quot;:&quot;classic&quot;}\">\n\t\t<div class=\"elementor-element elementor-element-3bf0567 e-con-full e-flex e-con e-child\" data-id=\"3bf0567\" data-element_type=\"container\" data-e-type=\"container\">\n\t\t\t\t<div class=\"elementor-element elementor-element-90bc933 elementor-widget elementor-widget-image\" data-id=\"90bc933\" data-element_type=\"widget\" data-e-type=\"widget\" data-widget_type=\"image.default\">\n\t\t\t\t\t\t\t\t\t\t\t\t\t\t\t<img loading=\"lazy\" decoding=\"async\" width=\"800\" height=\"422\" src=\"https:\/\/itbid.com\/wp-content\/uploads\/2025\/07\/Sigue-nuestros-pasos-en-eventos-scaled-1-1024x540.webp\" class=\"attachment-large size-large wp-image-35993\" alt=\"\" srcset=\"https:\/\/itbid.com\/wp-content\/uploads\/2025\/07\/Sigue-nuestros-pasos-en-eventos-scaled-1-1024x540.webp 1024w, https:\/\/itbid.com\/wp-content\/uploads\/2025\/07\/Sigue-nuestros-pasos-en-eventos-scaled-1-300x158.webp 300w, https:\/\/itbid.com\/wp-content\/uploads\/2025\/07\/Sigue-nuestros-pasos-en-eventos-scaled-1-768x405.webp 768w, https:\/\/itbid.com\/wp-content\/uploads\/2025\/07\/Sigue-nuestros-pasos-en-eventos-scaled-1.webp 1440w\" sizes=\"(max-width: 800px) 100vw, 800px\" \/>\t\t\t\t\t\t\t\t\t\t\t\t\t\t\t<\/div>\n\t\t\t\t<\/div>\n\t\t<div class=\"elementor-element elementor-element-01d6a75 e-con-full e-flex e-con e-child\" data-id=\"01d6a75\" data-element_type=\"container\" data-e-type=\"container\">\n\t\t<div class=\"elementor-element elementor-element-ed12c8f e-con-full e-flex e-con e-child\" data-id=\"ed12c8f\" data-element_type=\"container\" data-e-type=\"container\">\n\t\t\t\t<div class=\"elementor-element elementor-element-d1273e7 elementor-widget elementor-widget-text-editor\" data-id=\"d1273e7\" data-element_type=\"widget\" data-e-type=\"widget\" data-widget_type=\"text-editor.default\">\n\t\t\t\t\t\t\t\t\t<p>Segueix els nostres passos en esdeveniments, fires, ofertes de feina o not\u00edcies del sector.<\/p><p>Si ja est\u00e0s subscrit a la Newsletter, tamb\u00e9 el rebr\u00e0s per e-mail.<br> Si no, pots veure&#8217;l aqu\u00ed<\/p>\t\t\t\t\t\t\t\t<\/div>\n\t\t\t\t<div class=\"elementor-element elementor-element-e8a6b7a elementor-align-left elementor-widget elementor-widget-button\" data-id=\"e8a6b7a\" data-element_type=\"widget\" data-e-type=\"widget\" data-widget_type=\"button.default\">\n\t\t\t\t\t\t\t\t\t\t<a class=\"elementor-button elementor-button-link elementor-size-sm\" href=\"https:\/\/itbid.com\/ca\/esdeveniments\/\">\n\t\t\t\t\t\t<span class=\"elementor-button-content-wrapper\">\n\t\t\t\t\t\t\t\t\t<span class=\"elementor-button-text\">COMPTE, COMPTE\u2026<\/span>\n\t\t\t\t\t<\/span>\n\t\t\t\t\t<\/a>\n\t\t\t\t\t\t\t\t<\/div>\n\t\t\t\t<\/div>\n\t\t\t\t<\/div>\n\t\t\t\t<\/div>\n\t\t<div class=\"elementor-element elementor-element-74c5d07 e-con-full e-flex e-con e-child\" data-id=\"74c5d07\" data-element_type=\"container\" data-e-type=\"container\">\n\t\t\t\t<div class=\"elementor-element elementor-element-7bc9805 elementor-widget elementor-widget-heading\" data-id=\"7bc9805\" data-element_type=\"widget\" data-e-type=\"widget\" data-widget_type=\"heading.default\">\n\t\t\t\t\t<h2 class=\"elementor-heading-title elementor-size-default\">El millor de tot, \u00e9s que s\u00f3n canals de doble sentit<\/h2>\t\t\t\t<\/div>\n\t\t\t\t<\/div>\n\t\t<div class=\"elementor-element elementor-element-e53cae2 e-con-full e-grid e-con e-child\" data-id=\"e53cae2\" data-element_type=\"container\" data-e-type=\"container\">\n\t\t<div class=\"elementor-element elementor-element-e937392 e-con-full e-flex e-con e-child\" data-id=\"e937392\" data-element_type=\"container\" data-e-type=\"container\" data-settings=\"{&quot;background_background&quot;:&quot;classic&quot;}\">\n\t\t\t\t<div class=\"elementor-element elementor-element-d3e741a elementor-widget elementor-widget-text-editor\" data-id=\"d3e741a\" data-element_type=\"widget\" data-e-type=\"widget\" data-widget_type=\"text-editor.default\">\n\t\t\t\t\t\t\t\t\t<p><strong>Volem con\u00e8ixer les teves idees i opinions<\/strong> sobre el que trobis aqu\u00ed, all\u00f2 que necessites de nosaltres, o not\u00edcies i novetats que se&#8217;ns hagin escapat.<\/p>\t\t\t\t\t\t\t\t<\/div>\n\t\t\t\t<\/div>\n\t\t<div class=\"elementor-element elementor-element-edf557f e-con-full e-flex e-con e-child\" data-id=\"edf557f\" data-element_type=\"container\" data-e-type=\"container\" data-settings=\"{&quot;background_background&quot;:&quot;classic&quot;}\">\n\t\t\t\t<div class=\"elementor-element elementor-element-d10afaa elementor-widget elementor-widget-text-editor\" data-id=\"d10afaa\" data-element_type=\"widget\" data-e-type=\"widget\" data-widget_type=\"text-editor.default\">\n\t\t\t\t\t\t\t\t\t<p>Pots respondre a qualsevol dels articles, formacions, o not\u00edcies.<\/p><p><strong>Esperem els teus comentaris!<\/strong><\/p>\t\t\t\t\t\t\t\t<\/div>\n\t\t\t\t<\/div>\n\t\t<div class=\"elementor-element elementor-element-ba3840c e-con-full e-flex e-con e-child\" data-id=\"ba3840c\" data-element_type=\"container\" data-e-type=\"container\" data-settings=\"{&quot;background_background&quot;:&quot;classic&quot;}\">\n\t\t\t\t<div class=\"elementor-element elementor-element-fe7e669 elementor-widget elementor-widget-text-editor\" data-id=\"fe7e669\" data-element_type=\"widget\" data-e-type=\"widget\" data-widget_type=\"text-editor.default\">\n\t\t\t\t\t\t\t\t\t<p>Si no ho has fet ja, no esperis m\u00e9s per estar al dia sobre novetats en digitalitzaci\u00f3, esdeveniments i not\u00edcies relacionades amb l&#8217;\u00e0rea de compres, <strong>subscriu-te a la nostra Newsletter<\/strong> :<\/p>\t\t\t\t\t\t\t\t<\/div>\n\t\t\t\t<\/div>\n\t\t\t\t<\/div>\n\t\t\t\t<\/div>\n\t\t\t\t\t<\/div>\n\t\t\t\t<\/div>\n\t\t<div class=\"elementor-element elementor-element-d9b5f9e e-flex e-con-boxed e-con e-parent\" data-id=\"d9b5f9e\" data-element_type=\"container\" data-e-type=\"container\" data-settings=\"{&quot;background_background&quot;:&quot;classic&quot;}\">\n\t\t\t\t\t<div class=\"e-con-inner\">\n\t\t<div class=\"elementor-element elementor-element-aa8e9c3 e-con-full e-flex e-con e-child\" data-id=\"aa8e9c3\" data-element_type=\"container\" data-e-type=\"container\">\n\t\t<div class=\"elementor-element elementor-element-c8d7cd7 e-con-full e-flex e-con e-child\" data-id=\"c8d7cd7\" data-element_type=\"container\" data-e-type=\"container\">\n\t\t\t\t<div class=\"elementor-element elementor-element-7ceecc3 elementor-widget elementor-widget-heading\" data-id=\"7ceecc3\" data-element_type=\"widget\" data-e-type=\"widget\" data-widget_type=\"heading.default\">\n\t\t\t\t\t<h2 class=\"elementor-heading-title elementor-size-default\">Subscriu-te a <b>la nostra newsletter<\/b>\n<\/h2>\t\t\t\t<\/div>\n\t\t\t\t<div class=\"elementor-element elementor-element-4946edf elementor-widget elementor-widget-text-editor\" data-id=\"4946edf\" data-element_type=\"widget\" data-e-type=\"widget\" data-widget_type=\"text-editor.default\">\n\t\t\t\t\t\t\t\t\t<div class=\"fusion-title title fusion-title-26 fusion-sep-none fusion-title-text fusion-title-size-two fusion-animated\" data-animationtype=\"fadeInLeft\" data-animationduration=\"0.3\" data-animationoffset=\"top-into-view\"><p class=\"fusion-title-heading title-heading-left fusion-responsive-typography-calculated\">No us perdeu les novetats en digitalitzaci\u00f3, esdeveniments i not\u00edcies relacionades amb l&#8217;\u00e0rea de compres.<\/p><\/div>\t\t\t\t\t\t\t\t<\/div>\n\t\t\t\t<div class=\"elementor-element elementor-element-54dd473 elementor-widget elementor-widget-html\" data-id=\"54dd473\" data-element_type=\"widget\" data-e-type=\"widget\" data-widget_type=\"html.default\">\n\t\t\t\t\t<script charset=\"utf-8\" type=\"text\/javascript\" src=\"\/\/js.hsforms.net\/forms\/embed\/v2.js\"><\/script>\r\n<script>\r\n  hbspt.forms.create({\r\n    portalId: \"6983818\",\r\n    formId: \"02c24bf2-9bcb-4e97-b0e7-5ad635dbd3d3\",\r\n    region: \"na1\"\r\n  });\r\n<\/script>\t\t\t\t<\/div>\n\t\t\t\t<\/div>\n\t\t\t\t<\/div>\n\t\t\t\t\t<\/div>\n\t\t\t\t<\/div>\n\t\t\t\t<\/div>\n\t\t","protected":false},"excerpt":{"rendered":"<p>Contingut i actualitat La col\u00b7laboraci\u00f3 del nostre equip i el contacte directe amb clients, col\u00b7laboradors i partners \u00e9s fonamental al nostre dia a dia i aven\u00e7os. I volem continuar refor\u00e7ant aquesta part amb nous formats i canals amb novetats del sector, experi\u00e8ncies i coneixements. T&#8217;oferim continguts en un format divulgatiu per ajudar-te a trobar respostes, [&hellip;]<\/p>\n","protected":false},"author":2,"featured_media":0,"parent":0,"menu_order":0,"comment_status":"closed","ping_status":"closed","template":"","meta":{"_acf_changed":false,"content-type":"","footnotes":""},"class_list":["post-35990","page","type-page","status-publish","hentry"],"acf":[],"_links":{"self":[{"href":"https:\/\/itbid.com\/ca\/wp-json\/wp\/v2\/pages\/35990","targetHints":{"allow":["GET"]}}],"collection":[{"href":"https:\/\/itbid.com\/ca\/wp-json\/wp\/v2\/pages"}],"about":[{"href":"https:\/\/itbid.com\/ca\/wp-json\/wp\/v2\/types\/page"}],"author":[{"embeddable":true,"href":"https:\/\/itbid.com\/ca\/wp-json\/wp\/v2\/users\/2"}],"replies":[{"embeddable":true,"href":"https:\/\/itbid.com\/ca\/wp-json\/wp\/v2\/comments?post=35990"}],"version-history":[{"count":5,"href":"https:\/\/itbid.com\/ca\/wp-json\/wp\/v2\/pages\/35990\/revisions"}],"predecessor-version":[{"id":37104,"href":"https:\/\/itbid.com\/ca\/wp-json\/wp\/v2\/pages\/35990\/revisions\/37104"}],"wp:attachment":[{"href":"https:\/\/itbid.com\/ca\/wp-json\/wp\/v2\/media?parent=35990"}],"curies":[{"name":"wp","href":"https:\/\/api.w.org\/{rel}","templated":true}]}}