{"id":35971,"date":"2025-07-30T03:12:46","date_gmt":"2025-07-30T03:12:46","guid":{"rendered":"https:\/\/itbid.com\/codi-etic\/"},"modified":"2026-03-10T12:31:35","modified_gmt":"2026-03-10T12:31:35","slug":"codi-etic","status":"publish","type":"page","link":"https:\/\/itbid.com\/ca\/codi-etic\/","title":{"rendered":"Codi \u00e8tic"},"content":{"rendered":"\t\t<div data-elementor-type=\"wp-page\" data-elementor-id=\"35971\" class=\"elementor elementor-35971 elementor-1186\" data-elementor-post-type=\"page\">\n\t\t\t\t<div class=\"elementor-element elementor-element-cf46368 e-flex e-con-boxed e-con e-parent\" data-id=\"cf46368\" data-element_type=\"container\" data-e-type=\"container\" data-settings=\"{&quot;background_background&quot;:&quot;classic&quot;}\">\n\t\t\t\t\t<div class=\"e-con-inner\">\n\t\t<div class=\"elementor-element elementor-element-fe278af e-con-full e-flex e-con e-child\" data-id=\"fe278af\" data-element_type=\"container\" data-e-type=\"container\">\n\t\t<div class=\"elementor-element elementor-element-39a3e21 e-con-full elementor-hidden-tablet elementor-hidden-mobile e-flex e-con e-child\" data-id=\"39a3e21\" data-element_type=\"container\" data-e-type=\"container\">\n\t\t\t\t<div class=\"elementor-element elementor-element-87561e8 elementor-widget elementor-widget-image\" data-id=\"87561e8\" data-element_type=\"widget\" data-e-type=\"widget\" data-widget_type=\"image.default\">\n\t\t\t\t\t\t\t\t\t\t\t\t\t\t\t<img fetchpriority=\"high\" decoding=\"async\" width=\"400\" height=\"404\" src=\"https:\/\/itbid.com\/wp-content\/uploads\/2025\/07\/Isologo-400x404-1.png\" class=\"attachment-large size-large wp-image-35753\" alt=\"\" srcset=\"https:\/\/itbid.com\/wp-content\/uploads\/2025\/07\/Isologo-400x404-1.png 400w, https:\/\/itbid.com\/wp-content\/uploads\/2025\/07\/Isologo-400x404-1-297x300.png 297w\" sizes=\"(max-width: 400px) 100vw, 400px\" \/>\t\t\t\t\t\t\t\t\t\t\t\t\t\t\t<\/div>\n\t\t\t\t<\/div>\n\t\t<div class=\"elementor-element elementor-element-7488c19 e-con-full e-flex e-con e-child\" data-id=\"7488c19\" data-element_type=\"container\" data-e-type=\"container\">\n\t\t\t\t<div class=\"elementor-element elementor-element-8527f0e elementor-widget elementor-widget-heading\" data-id=\"8527f0e\" data-element_type=\"widget\" data-e-type=\"widget\" data-widget_type=\"heading.default\">\n\t\t\t\t\t<h2 class=\"elementor-heading-title elementor-size-default\">Codi \u00e8tic<\/h2>\t\t\t\t<\/div>\n\t\t\t\t<\/div>\n\t\t<div class=\"elementor-element elementor-element-c6b3355 e-con-full e-flex e-con e-child\" data-id=\"c6b3355\" data-element_type=\"container\" data-e-type=\"container\">\n\t\t\t\t<\/div>\n\t\t\t\t<\/div>\n\t\t\t\t\t<\/div>\n\t\t\t\t<\/div>\n\t\t<div class=\"elementor-element elementor-element-5a5e6a6 e-flex e-con-boxed e-con e-parent\" data-id=\"5a5e6a6\" data-element_type=\"container\" data-e-type=\"container\">\n\t\t\t\t\t<div class=\"e-con-inner\">\n\t\t<div class=\"elementor-element elementor-element-fc61f09 e-con-full e-flex e-con e-child\" data-id=\"fc61f09\" data-element_type=\"container\" data-e-type=\"container\">\n\t\t\t\t<div class=\"elementor-element elementor-element-34e55c2 elementor-widget elementor-widget-text-editor\" data-id=\"34e55c2\" data-element_type=\"widget\" data-e-type=\"widget\" data-widget_type=\"text-editor.default\">\n\t\t\t\t\t\t\t\t\t<p>A l&#8217;entorn global en constant evoluci\u00f3, en qu\u00e8 operem, hem establert els valors principals que han de suportar la conducta de tota l&#8217;empresa per tal de complir amb la nostra ambici\u00f3 de ser la primera opci\u00f3 dels nostres clients i prove\u00efdors.<\/p><p>S\u00f3n destinataris del codi \u00e8tic d&#8217;itbid tots els seus empleats, que hauran de con\u00e8ixer-ne i acceptar-ne el contingut i obligar-se al seu compliment en el moment de la seva incorporaci\u00f3 a la Companyia.<\/p><p>Els prove\u00efdors, subcontractistes, clients i tercers que mantinguin relacions comercials amb Itbid, quedaran emparats pels principis del present codi quan els siguin aplicables.<\/p><ul><li>El nostre Codi \u00c8tic se sustenta en els valors seg\u00fcents:<\/li><li>Compliment de la llei i, sobretot, respecte a l&#8217;individu.<\/li><li>Respecte per les persones, igualtat d&#8217;oportunitats i no discriminaci\u00f3.<\/li><li>Col\u00b7laboraci\u00f3 amb les autoritats p\u00fabliques.<\/li><li>Respecte al medi ambient ia cadascuna de les comunitats on actuem.<\/li><li>Convenciment que la innovaci\u00f3 i la lliure compet\u00e8ncia s\u00f3n les millors bases per al desenvolupament econ\u00f2mic.<\/li><li>Necessitat que el respecte mutu, el di\u00e0leg i la transpar\u00e8ncia siguin la base de les nostres relacions. Itbid reconeix la llibertat de sindicaci\u00f3 i el dret de vaga com a drets universals. <\/li><li>Voluntat de servir i no defraudar els qui confien en els nostres serveis, amb integritat, independ\u00e8ncia i imparcialitat, respectant i utilitzant correctament els b\u00e9ns i els interessos d&#8217;Itbid.<\/li><\/ul>\t\t\t\t\t\t\t\t<\/div>\n\t\t\t\t<div class=\"elementor-element elementor-element-db751cf elementor-widget elementor-widget-heading\" data-id=\"db751cf\" data-element_type=\"widget\" data-e-type=\"widget\" data-widget_type=\"heading.default\">\n\t\t\t\t\t<h2 class=\"elementor-heading-title elementor-size-default\">Salut Laboral i seguretat al lloc de treball<\/h2>\t\t\t\t<\/div>\n\t\t\t\t<div class=\"elementor-element elementor-element-ca52707 elementor-widget elementor-widget-text-editor\" data-id=\"ca52707\" data-element_type=\"widget\" data-e-type=\"widget\" data-widget_type=\"text-editor.default\">\n\t\t\t\t\t\t\t\t\t<p>itbid est\u00e0 compromesa a proporcionar un ambient de treball saludable i segur per a tots els nostres empleats i qualsevol persona que treballi o visiti les nostres instal\u00b7lacions.<\/p><p>L&#8217;aplicaci\u00f3 de normes i pol\u00edtiques de seguretat i salut a la feina, que assegurin:<\/p><ul><li>Un entorn de treball segur i saludable, lliure d&#8217;alcohol i drogues, que compleixi els requisits en mat\u00e8ria de prevenci\u00f3 de riscos laborals, segons el que disposen les normes internacionals del treball, la normativa del pa\u00eds on desenvolupin la seva activitat i les normes d&#8217;Itbid<\/li><li>Mesures preventives per evitar accidents i malalties laborals, amb respostes per a situacions d&#8217;emerg\u00e8ncia durant la realitzaci\u00f3 de l&#8217;activitat laboral.<\/li><li>Impulsar sistemes de gesti\u00f3 sostenibles i efica\u00e7os mitjan\u00e7ant la planificaci\u00f3 d&#8217;activitats de revisi\u00f3, an\u00e0lisi, correcci\u00f3 i millora cont\u00ednua, d&#8217;acord amb el context i l&#8217;estrat\u00e8gia d&#8217;Itbid.<\/li><\/ul><p>Revisi\u00f3 0 \u2013 20\/07\/2023<\/p><ul><li>Formaci\u00f3 i capacitaci\u00f3 en mat\u00e8ria de salut i seguretat dels empleats perqu\u00e8 vetllen per la seguretat i la de les altres persones del seu entorn que es puguin veure afectades durant el desenvolupament de l&#8217;activitat.<\/li><\/ul>\t\t\t\t\t\t\t\t<\/div>\n\t\t\t\t<div class=\"elementor-element elementor-element-ac1a7df elementor-widget elementor-widget-heading\" data-id=\"ac1a7df\" data-element_type=\"widget\" data-e-type=\"widget\" data-widget_type=\"heading.default\">\n\t\t\t\t\t<h2 class=\"elementor-heading-title elementor-size-default\">Lluita contra el suborn, la corrupci\u00f3 i els conflictes d'inter\u00e8s<\/h2>\t\t\t\t<\/div>\n\t\t\t\t<div class=\"elementor-element elementor-element-374a3e1 elementor-widget elementor-widget-text-editor\" data-id=\"374a3e1\" data-element_type=\"widget\" data-e-type=\"widget\" data-widget_type=\"text-editor.default\">\n\t\t\t\t\t\t\t\t\t<p>Itbid manifesta toler\u00e0ncia zero davant de la corrupci\u00f3, el frau i els comportaments contraris al seu Codi d&#8217;\u00c8tica, i en concret contra aquells comportaments derivats de pr\u00e0ctiques fraudulentes derivats de les atencions, regals, i invitacions a esdeveniments que no compleixin all\u00f2 explicitat en la Pol\u00edtica de prevenci\u00f3 contra el suborn, corrupci\u00f3.<\/p><ul><li>Itbid s&#8217;abstindr\u00e0 de contractar prove\u00efdors dels quals tingui const\u00e0ncia que han fet suborns a autoritats o funcionaris p\u00fablics a fi d&#8217;obtenir algun benefici, privilegi o avantatge.<\/li><li>  Itbid s&#8217;abstindr\u00e0 de relacionar-se amb prove\u00efdors i subcontractistes involucrats, encausats o condemnats a i per delictes de corrupci\u00f3, inclosos especialment l&#8217;extorsi\u00f3 i el suborn.<\/li><li>Els prove\u00efdors i subcontractistes no podran oferir obsequis, regals o privilegis als empleats i directius d&#8217;Itbid, abstenint-se aquests de rebre&#8217;ls.<\/li><li>Els empleats i els directius de l&#8217;Itbid no podran oferir tractes de favor a prove\u00efdors.<\/li><\/ul>\t\t\t\t\t\t\t\t<\/div>\n\t\t\t\t<div class=\"elementor-element elementor-element-b2cf441 elementor-widget elementor-widget-heading\" data-id=\"b2cf441\" data-element_type=\"widget\" data-e-type=\"widget\" data-widget_type=\"heading.default\">\n\t\t\t\t\t<h2 class=\"elementor-heading-title elementor-size-default\">Medi ambient<\/h2>\t\t\t\t<\/div>\n\t\t\t\t<div class=\"elementor-element elementor-element-b25e0e3 elementor-widget elementor-widget-text-editor\" data-id=\"b25e0e3\" data-element_type=\"widget\" data-e-type=\"widget\" data-widget_type=\"text-editor.default\">\n\t\t\t\t\t\t\t\t\t<ul><li>Itbid est\u00e0 compromesa amb la preservaci\u00f3 del medi ambient, complint amb totes les lleis i regulacions ambientals aplicables, que demostrin una millora cont\u00ednua en el seu exercici ambiental i que segueixin les pr\u00e0ctiques de la ind\u00fastria per fer-ho.<\/li><li>Itbid treballa amb els prove\u00efdors i els socis perqu\u00e8 tinguin mesures preventives i correctives que promoguin la responsabilitat ambiental i la sostenibilitat de l&#8217;ecosistema, comptant amb sistemes efica\u00e7os per identificar, controlar i tractar els impactes ambientals de les activitats.<\/li><\/ul>\t\t\t\t\t\t\t\t<\/div>\n\t\t\t\t<\/div>\n\t\t\t\t\t<\/div>\n\t\t\t\t<\/div>\n\t\t\t\t<\/div>\n\t\t","protected":false},"excerpt":{"rendered":"<p>Codi \u00e8tic A l&#8217;entorn global en constant evoluci\u00f3, en qu\u00e8 operem, hem establert els valors principals que han de suportar la conducta de tota l&#8217;empresa per tal de complir amb la nostra ambici\u00f3 de ser la primera opci\u00f3 dels nostres clients i prove\u00efdors. S\u00f3n destinataris del codi \u00e8tic d&#8217;itbid tots els seus empleats, que hauran [&hellip;]<\/p>\n","protected":false},"author":2,"featured_media":0,"parent":0,"menu_order":0,"comment_status":"closed","ping_status":"closed","template":"","meta":{"_acf_changed":false,"content-type":"","footnotes":""},"class_list":["post-35971","page","type-page","status-publish","hentry"],"acf":[],"_links":{"self":[{"href":"https:\/\/itbid.com\/ca\/wp-json\/wp\/v2\/pages\/35971","targetHints":{"allow":["GET"]}}],"collection":[{"href":"https:\/\/itbid.com\/ca\/wp-json\/wp\/v2\/pages"}],"about":[{"href":"https:\/\/itbid.com\/ca\/wp-json\/wp\/v2\/types\/page"}],"author":[{"embeddable":true,"href":"https:\/\/itbid.com\/ca\/wp-json\/wp\/v2\/users\/2"}],"replies":[{"embeddable":true,"href":"https:\/\/itbid.com\/ca\/wp-json\/wp\/v2\/comments?post=35971"}],"version-history":[{"count":1,"href":"https:\/\/itbid.com\/ca\/wp-json\/wp\/v2\/pages\/35971\/revisions"}],"predecessor-version":[{"id":35972,"href":"https:\/\/itbid.com\/ca\/wp-json\/wp\/v2\/pages\/35971\/revisions\/35972"}],"wp:attachment":[{"href":"https:\/\/itbid.com\/ca\/wp-json\/wp\/v2\/media?parent=35971"}],"curies":[{"name":"wp","href":"https:\/\/api.w.org\/{rel}","templated":true}]}}