{"id":35847,"date":"2026-01-23T20:52:25","date_gmt":"2026-01-23T20:52:25","guid":{"rendered":"https:\/\/itbid.com\/subscripcio-newsletter\/"},"modified":"2026-02-10T15:59:05","modified_gmt":"2026-02-10T15:59:05","slug":"subscripcio-newsletter","status":"publish","type":"page","link":"https:\/\/itbid.com\/ca\/subscripcio-newsletter\/","title":{"rendered":"Subscripci\u00f3 newsletter"},"content":{"rendered":"\t\t<div data-elementor-type=\"wp-page\" data-elementor-id=\"35847\" class=\"elementor elementor-35847 elementor-1719\" data-elementor-post-type=\"page\">\n\t\t\t\t<div class=\"elementor-element elementor-element-b34246d e-flex e-con-boxed e-con e-parent\" data-id=\"b34246d\" data-element_type=\"container\" data-e-type=\"container\" data-settings=\"{&quot;background_background&quot;:&quot;classic&quot;}\">\n\t\t\t\t\t<div class=\"e-con-inner\">\n\t\t<div class=\"elementor-element elementor-element-06f7880 e-con-full e-flex e-con e-child\" data-id=\"06f7880\" data-element_type=\"container\" data-e-type=\"container\">\n\t\t<div class=\"elementor-element elementor-element-1141cc8 e-con-full elementor-hidden-tablet elementor-hidden-mobile e-flex e-con e-child\" data-id=\"1141cc8\" data-element_type=\"container\" data-e-type=\"container\">\n\t\t\t\t<div class=\"elementor-element elementor-element-83ca62f elementor-widget elementor-widget-image\" data-id=\"83ca62f\" data-element_type=\"widget\" data-e-type=\"widget\" data-widget_type=\"image.default\">\n\t\t\t\t\t\t\t\t\t\t\t\t\t\t\t<img fetchpriority=\"high\" decoding=\"async\" width=\"400\" height=\"404\" src=\"https:\/\/itbid.com\/wp-content\/uploads\/2025\/07\/Isologo-400x404-1.png\" class=\"attachment-large size-large wp-image-35753\" alt=\"\" srcset=\"https:\/\/itbid.com\/wp-content\/uploads\/2025\/07\/Isologo-400x404-1.png 400w, https:\/\/itbid.com\/wp-content\/uploads\/2025\/07\/Isologo-400x404-1-297x300.png 297w\" sizes=\"(max-width: 400px) 100vw, 400px\" \/>\t\t\t\t\t\t\t\t\t\t\t\t\t\t\t<\/div>\n\t\t\t\t<\/div>\n\t\t<div class=\"elementor-element elementor-element-ca24076 e-con-full e-flex e-con e-child\" data-id=\"ca24076\" data-element_type=\"container\" data-e-type=\"container\">\n\t\t\t\t<div class=\"elementor-element elementor-element-9a7d497 elementor-widget elementor-widget-heading\" data-id=\"9a7d497\" data-element_type=\"widget\" data-e-type=\"widget\" data-widget_type=\"heading.default\">\n\t\t\t\t\t<h2 class=\"elementor-heading-title elementor-size-default\"><b>Gr\u00e0cies per subscriure't a la nostra Newsletter\n<\/b><\/h2>\t\t\t\t<\/div>\n\t\t\t\t<div class=\"elementor-element elementor-element-a8fd0bb elementor-widget elementor-widget-text-editor\" data-id=\"a8fd0bb\" data-element_type=\"widget\" data-e-type=\"widget\" data-widget_type=\"text-editor.default\">\n\t\t\t\t\t\t\t\t\t<p>Per completar la teva subscripci\u00f3, si us plau <strong>revisa el teu correu electr\u00f2nic<\/strong> .<\/p><p>T&#8217;hem enviat un mail de confirmaci\u00f3.<\/p><p>Feu clic a l&#8217;enlla\u00e7 dins del correu per <strong>confirmar la vostra subscripci\u00f3<\/strong> i comen\u00e7ar a rebre les novetats.<\/p>\t\t\t\t\t\t\t\t<\/div>\n\t\t\t\t<\/div>\n\t\t<div class=\"elementor-element elementor-element-68af22f e-con-full e-flex e-con e-child\" data-id=\"68af22f\" data-element_type=\"container\" data-e-type=\"container\">\n\t\t\t\t<div class=\"elementor-element elementor-element-12acecf elementor-hidden-desktop elementor-hidden-laptop elementor-widget elementor-widget-image\" data-id=\"12acecf\" data-element_type=\"widget\" data-e-type=\"widget\" data-widget_type=\"image.default\">\n\t\t\t\t\t\t\t\t\t\t\t\t\t\t\t<img decoding=\"async\" width=\"800\" height=\"600\" src=\"https:\/\/itbid.com\/wp-content\/uploads\/2026\/01\/imgi_39_itbid-conformes.png\" class=\"attachment-large size-large wp-image-35754\" alt=\"\" srcset=\"https:\/\/itbid.com\/wp-content\/uploads\/2026\/01\/imgi_39_itbid-conformes.png 800w, https:\/\/itbid.com\/wp-content\/uploads\/2026\/01\/imgi_39_itbid-conformes-300x225.png 300w, https:\/\/itbid.com\/wp-content\/uploads\/2026\/01\/imgi_39_itbid-conformes-768x576.png 768w\" sizes=\"(max-width: 800px) 100vw, 800px\" \/>\t\t\t\t\t\t\t\t\t\t\t\t\t\t\t<\/div>\n\t\t\t\t<\/div>\n\t\t\t\t<\/div>\n\t\t\t\t\t<\/div>\n\t\t\t\t<\/div>\n\t\t<div class=\"elementor-element elementor-element-4eae683 e-flex e-con-boxed e-con e-parent\" data-id=\"4eae683\" data-element_type=\"container\" data-e-type=\"container\">\n\t\t\t\t\t<div class=\"e-con-inner\">\n\t\t\t\t<div class=\"elementor-element elementor-element-fb98925 elementor-widget elementor-widget-heading\" data-id=\"fb98925\" data-element_type=\"widget\" data-e-type=\"widget\" data-widget_type=\"heading.default\">\n\t\t\t\t\t<h2 class=\"elementor-heading-title elementor-size-default\"><b>IMPORTANT\n<\/b><\/h2>\t\t\t\t<\/div>\n\t\t\t\t<div class=\"elementor-element elementor-element-72eae36 elementor-widget elementor-widget-text-editor\" data-id=\"72eae36\" data-element_type=\"widget\" data-e-type=\"widget\" data-widget_type=\"text-editor.default\">\n\t\t\t\t\t\t\t\t\t<p>Si no trobes el correu, comprova a la teva safata de <strong>correus no desitjats o Spam<\/strong> :<\/p><p><strong>Si utilitzeu Gmail:<\/strong><\/p><ol><li>Obre el teu Gmail i verifica a quina de les tres pestanyes et va arribar el correu electr\u00f2nic de confirmaci\u00f3.<\/li><li>Si el correu electr\u00f2nic apareix a la pestanya <strong>PRINCIPAL<\/strong> no has de fer res m\u00e9s.<\/li><li>Si l&#8217;email apareix dins de la pestanya de <strong>PROMOCIONS<\/strong> o <strong>SPAM<\/strong> , moveu-lo a Pestanya <strong>PRINCIPAL<\/strong> fent clic i arrossegant el correu.<\/li><li>Si et pregunta si vols fer aix\u00f2 de manera autom\u00e0tica per a tots els correus electr\u00f2nics que rebis d&#8217;itbid, selecciona S\u00cd.<\/li><\/ol><p><strong>Si utilitzes Outlook:<\/strong><\/p><ol><li>Obre el teu correu electr\u00f2nic a Outlook i fes clic al correu electr\u00f2nic que hagis rebut d&#8217;itbid.<\/li><li>Un cop obert l&#8217;email canvia l&#8217;etiqueta <strong>BUTLLETES<\/strong> a <strong>IMPORTANT<\/strong> .<\/li><\/ol><p><strong>Si no voleu que Google controli la vostra safata d&#8217;entrada podeu fer el seg\u00fcent:<\/strong><\/p><ul><li>Aneu al quadre de <strong>Configuraci\u00f3<\/strong> , a la cantonada superior dreta i feu clic (s\u00edmbol de femella).<\/li><li>Desmarca totes les caselles excepte la <strong>Safata d&#8217;Entrada<\/strong> . D&#8217;aquesta manera tots els correus entraran a la mateixa safata. <\/li><\/ul>\t\t\t\t\t\t\t\t<\/div>\n\t\t\t\t<div class=\"elementor-element elementor-element-430b219 elementor-widget-divider--view-line elementor-widget elementor-widget-divider\" data-id=\"430b219\" data-element_type=\"widget\" data-e-type=\"widget\" data-widget_type=\"divider.default\">\n\t\t\t\t\t\t\t<div class=\"elementor-divider\">\n\t\t\t<span class=\"elementor-divider-separator\">\n\t\t\t\t\t\t<\/span>\n\t\t<\/div>\n\t\t\t\t\t\t<\/div>\n\t\t\t\t<div class=\"elementor-element elementor-element-3cc63fc elementor-widget elementor-widget-text-editor\" data-id=\"3cc63fc\" data-element_type=\"widget\" data-e-type=\"widget\" data-widget_type=\"text-editor.default\">\n\t\t\t\t\t\t\t\t\t<p>Tamb\u00e9 pots <strong>seguir-nos a les nostres xarxes socials<\/strong> per no perdre&#8217;t <strong>articles, esdeveniments i not\u00edcies de l&#8217;\u00c0rea de Compres.<\/strong><\/p>\t\t\t\t\t\t\t\t<\/div>\n\t\t\t\t<div class=\"elementor-element elementor-element-d24715c elementor-widget elementor-widget-image\" data-id=\"d24715c\" data-element_type=\"widget\" data-e-type=\"widget\" data-widget_type=\"image.default\">\n\t\t\t\t\t\t\t\t\t\t\t\t\t\t\t\t<a href=\"https:\/\/www.linkedin.com\/company\/itbid-technologies\/\" target=\"_blank\" rel=\"noopener\">\n\t\t\t\t\t\t\t<img decoding=\"async\" width=\"150\" height=\"150\" src=\"https:\/\/itbid.com\/wp-content\/uploads\/2026\/01\/imgi_5_Linkedin.png\" class=\"attachment-full size-full wp-image-35775\" alt=\"\" \/>\t\t\t\t\t\t\t\t<\/a>\n\t\t\t\t\t\t\t\t\t\t\t\t\t\t\t<\/div>\n\t\t\t\t\t<\/div>\n\t\t\t\t<\/div>\n\t\t\t\t<\/div>\n\t\t","protected":false},"excerpt":{"rendered":"<p>Gr\u00e0cies per subscriure&#8217;t a la nostra Newsletter Per completar la teva subscripci\u00f3, si us plau revisa el teu correu electr\u00f2nic . T&#8217;hem enviat un mail de confirmaci\u00f3. Feu clic a l&#8217;enlla\u00e7 dins del correu per confirmar la vostra subscripci\u00f3 i comen\u00e7ar a rebre les novetats. IMPORTANT Si no trobes el correu, comprova a la teva [&hellip;]<\/p>\n","protected":false},"author":2,"featured_media":0,"parent":0,"menu_order":0,"comment_status":"closed","ping_status":"closed","template":"","meta":{"_acf_changed":false,"content-type":"","footnotes":""},"class_list":["post-35847","page","type-page","status-publish","hentry"],"acf":[],"_links":{"self":[{"href":"https:\/\/itbid.com\/ca\/wp-json\/wp\/v2\/pages\/35847","targetHints":{"allow":["GET"]}}],"collection":[{"href":"https:\/\/itbid.com\/ca\/wp-json\/wp\/v2\/pages"}],"about":[{"href":"https:\/\/itbid.com\/ca\/wp-json\/wp\/v2\/types\/page"}],"author":[{"embeddable":true,"href":"https:\/\/itbid.com\/ca\/wp-json\/wp\/v2\/users\/2"}],"replies":[{"embeddable":true,"href":"https:\/\/itbid.com\/ca\/wp-json\/wp\/v2\/comments?post=35847"}],"version-history":[{"count":1,"href":"https:\/\/itbid.com\/ca\/wp-json\/wp\/v2\/pages\/35847\/revisions"}],"predecessor-version":[{"id":35849,"href":"https:\/\/itbid.com\/ca\/wp-json\/wp\/v2\/pages\/35847\/revisions\/35849"}],"wp:attachment":[{"href":"https:\/\/itbid.com\/ca\/wp-json\/wp\/v2\/media?parent=35847"}],"curies":[{"name":"wp","href":"https:\/\/api.w.org\/{rel}","templated":true}]}}