{"id":35789,"date":"2026-01-23T20:50:36","date_gmt":"2026-01-23T20:50:36","guid":{"rendered":"https:\/\/itbid.com\/gracies-per-contactar\/"},"modified":"2026-03-10T12:33:03","modified_gmt":"2026-03-10T12:33:03","slug":"gracies-per-contactar","status":"publish","type":"page","link":"https:\/\/itbid.com\/ca\/gracies-per-contactar\/","title":{"rendered":"Gr\u00e0cies per contactar"},"content":{"rendered":"\t\t<div data-elementor-type=\"wp-page\" data-elementor-id=\"35789\" class=\"elementor elementor-35789 elementor-1709\" data-elementor-post-type=\"page\">\n\t\t\t\t<div class=\"elementor-element elementor-element-e8a3a83 e-flex e-con-boxed e-con e-parent\" data-id=\"e8a3a83\" data-element_type=\"container\" data-e-type=\"container\" data-settings=\"{&quot;background_background&quot;:&quot;classic&quot;}\">\n\t\t\t\t\t<div class=\"e-con-inner\">\n\t\t<div class=\"elementor-element elementor-element-4a0c0a0 e-con-full e-flex e-con e-child\" data-id=\"4a0c0a0\" data-element_type=\"container\" data-e-type=\"container\">\n\t\t<div class=\"elementor-element elementor-element-31c96d9 e-con-full elementor-hidden-tablet elementor-hidden-mobile e-flex e-con e-child\" data-id=\"31c96d9\" data-element_type=\"container\" data-e-type=\"container\">\n\t\t\t\t<div class=\"elementor-element elementor-element-eb183e0 elementor-widget elementor-widget-image\" data-id=\"eb183e0\" data-element_type=\"widget\" data-e-type=\"widget\" data-widget_type=\"image.default\">\n\t\t\t\t\t\t\t\t\t\t\t\t\t\t\t<img fetchpriority=\"high\" decoding=\"async\" width=\"400\" height=\"404\" src=\"https:\/\/itbid.com\/wp-content\/uploads\/2025\/07\/Isologo-400x404-1.png\" class=\"attachment-large size-large wp-image-35753\" alt=\"\" srcset=\"https:\/\/itbid.com\/wp-content\/uploads\/2025\/07\/Isologo-400x404-1.png 400w, https:\/\/itbid.com\/wp-content\/uploads\/2025\/07\/Isologo-400x404-1-297x300.png 297w\" sizes=\"(max-width: 400px) 100vw, 400px\" \/>\t\t\t\t\t\t\t\t\t\t\t\t\t\t\t<\/div>\n\t\t\t\t<\/div>\n\t\t<div class=\"elementor-element elementor-element-828e7f5 e-con-full e-flex e-con e-child\" data-id=\"828e7f5\" data-element_type=\"container\" data-e-type=\"container\">\n\t\t\t\t<div class=\"elementor-element elementor-element-828a183 elementor-widget elementor-widget-heading\" data-id=\"828a183\" data-element_type=\"widget\" data-e-type=\"widget\" data-widget_type=\"heading.default\">\n\t\t\t\t\t<h2 class=\"elementor-heading-title elementor-size-default\"><b>Moltes gr\u00e0cies per contactar-nos\n<\/b><\/h2>\t\t\t\t<\/div>\n\t\t\t\t<div class=\"elementor-element elementor-element-9efef2b elementor-widget elementor-widget-text-editor\" data-id=\"9efef2b\" data-element_type=\"widget\" data-e-type=\"widget\" data-widget_type=\"text-editor.default\">\n\t\t\t\t\t\t\t\t\tUn responsable es posar\u00e0 en contacte amb tu el m\u00e9s aviat possible.\t\t\t\t\t\t\t\t<\/div>\n\t\t\t\t<\/div>\n\t\t<div class=\"elementor-element elementor-element-b9bc3a3 e-con-full e-flex e-con e-child\" data-id=\"b9bc3a3\" data-element_type=\"container\" data-e-type=\"container\">\n\t\t\t\t<div class=\"elementor-element elementor-element-75b27e5 elementor-hidden-desktop elementor-hidden-laptop elementor-widget elementor-widget-image\" data-id=\"75b27e5\" data-element_type=\"widget\" data-e-type=\"widget\" data-widget_type=\"image.default\">\n\t\t\t\t\t\t\t\t\t\t\t\t\t\t\t<img decoding=\"async\" width=\"800\" height=\"600\" src=\"https:\/\/itbid.com\/wp-content\/uploads\/2026\/01\/imgi_39_itbid-conformes.png\" class=\"attachment-large size-large wp-image-35754\" alt=\"\" srcset=\"https:\/\/itbid.com\/wp-content\/uploads\/2026\/01\/imgi_39_itbid-conformes.png 800w, https:\/\/itbid.com\/wp-content\/uploads\/2026\/01\/imgi_39_itbid-conformes-300x225.png 300w, https:\/\/itbid.com\/wp-content\/uploads\/2026\/01\/imgi_39_itbid-conformes-768x576.png 768w\" sizes=\"(max-width: 800px) 100vw, 800px\" \/>\t\t\t\t\t\t\t\t\t\t\t\t\t\t\t<\/div>\n\t\t\t\t<\/div>\n\t\t\t\t<\/div>\n\t\t\t\t\t<\/div>\n\t\t\t\t<\/div>\n\t\t<div class=\"elementor-element elementor-element-0a206f6 e-flex e-con-boxed e-con e-parent\" data-id=\"0a206f6\" data-element_type=\"container\" data-e-type=\"container\">\n\t\t\t\t\t<div class=\"e-con-inner\">\n\t\t\t\t<div class=\"elementor-element elementor-element-3a0f0be elementor-widget elementor-widget-heading\" data-id=\"3a0f0be\" data-element_type=\"widget\" data-e-type=\"widget\" data-widget_type=\"heading.default\">\n\t\t\t\t\t<h2 class=\"elementor-heading-title elementor-size-default\">No t'oblidis de <b>seguir-nos a linkedin<\/b> per no perdre't <b>articles, esdeveniments i not\u00edcies de l'\u00e0rea de Compres<\/b> .\n<\/h2>\t\t\t\t<\/div>\n\t\t\t\t<div class=\"elementor-element elementor-element-83c03ab elementor-widget elementor-widget-image\" data-id=\"83c03ab\" data-element_type=\"widget\" data-e-type=\"widget\" data-widget_type=\"image.default\">\n\t\t\t\t\t\t\t\t\t\t\t\t\t\t\t\t<a href=\"https:\/\/www.linkedin.com\/company\/itbid-technologies\/\" target=\"_blank\" rel=\"noopener\">\n\t\t\t\t\t\t\t<img decoding=\"async\" width=\"150\" height=\"150\" src=\"https:\/\/itbid.com\/wp-content\/uploads\/2026\/01\/imgi_5_Linkedin.png\" class=\"attachment-full size-full wp-image-35775\" alt=\"\" \/>\t\t\t\t\t\t\t\t<\/a>\n\t\t\t\t\t\t\t\t\t\t\t\t\t\t\t<\/div>\n\t\t\t\t\t<\/div>\n\t\t\t\t<\/div>\n\t\t\t\t<\/div>\n\t\t","protected":false},"excerpt":{"rendered":"<p>Moltes gr\u00e0cies per contactar-nos Un responsable es posar\u00e0 en contacte amb tu el m\u00e9s aviat possible. No t&#8217;oblidis de seguir-nos a linkedin per no perdre&#8217;t articles, esdeveniments i not\u00edcies de l&#8217;\u00e0rea de Compres .<\/p>\n","protected":false},"author":2,"featured_media":0,"parent":0,"menu_order":0,"comment_status":"closed","ping_status":"closed","template":"","meta":{"_acf_changed":false,"content-type":"","footnotes":""},"class_list":["post-35789","page","type-page","status-publish","hentry"],"acf":[],"_links":{"self":[{"href":"https:\/\/itbid.com\/ca\/wp-json\/wp\/v2\/pages\/35789","targetHints":{"allow":["GET"]}}],"collection":[{"href":"https:\/\/itbid.com\/ca\/wp-json\/wp\/v2\/pages"}],"about":[{"href":"https:\/\/itbid.com\/ca\/wp-json\/wp\/v2\/types\/page"}],"author":[{"embeddable":true,"href":"https:\/\/itbid.com\/ca\/wp-json\/wp\/v2\/users\/2"}],"replies":[{"embeddable":true,"href":"https:\/\/itbid.com\/ca\/wp-json\/wp\/v2\/comments?post=35789"}],"version-history":[{"count":1,"href":"https:\/\/itbid.com\/ca\/wp-json\/wp\/v2\/pages\/35789\/revisions"}],"predecessor-version":[{"id":35807,"href":"https:\/\/itbid.com\/ca\/wp-json\/wp\/v2\/pages\/35789\/revisions\/35807"}],"wp:attachment":[{"href":"https:\/\/itbid.com\/ca\/wp-json\/wp\/v2\/media?parent=35789"}],"curies":[{"name":"wp","href":"https:\/\/api.w.org\/{rel}","templated":true}]}}